{"id":746,"date":"2026-03-26T18:05:45","date_gmt":"2026-03-26T15:05:45","guid":{"rendered":"https:\/\/uyksef.org.tr\/new\/?page_id=746"},"modified":"2026-03-26T18:11:10","modified_gmt":"2026-03-26T15:11:10","slug":"kvkk","status":"publish","type":"page","link":"https:\/\/uyksef.org.tr\/en\/kvkk\/","title":{"rendered":"KVKK"},"content":{"rendered":"<div data-elementor-type=\"wp-page\" data-elementor-id=\"746\" class=\"elementor elementor-746\">\n\t\t\t\t<div class=\"elementor-element elementor-element-6831394 e-flex e-con-boxed e-con e-parent\" data-id=\"6831394\" data-element_type=\"container\" data-e-type=\"container\" data-settings=\"{&quot;background_background&quot;:&quot;classic&quot;}\">\n\t\t\t\t\t<div class=\"e-con-inner\">\n\t\t<div class=\"elementor-element elementor-element-162572e e-con-full e-flex e-con e-child\" data-id=\"162572e\" data-element_type=\"container\" data-e-type=\"container\">\n\t\t\t\t<div class=\"elementor-element elementor-element-a327c5e elementor-widget elementor-widget-heading\" data-id=\"a327c5e\" data-element_type=\"widget\" data-e-type=\"widget\" data-widget_type=\"heading.default\">\n\t\t\t\t\t<h2 class=\"elementor-heading-title elementor-size-default\">KVKK<\/h2>\t\t\t\t<\/div>\n\t\t\t\t<\/div>\n\t\t<div class=\"elementor-element elementor-element-292cb69 e-con-full e-flex e-con e-child\" data-id=\"292cb69\" data-element_type=\"container\" data-e-type=\"container\" data-settings=\"{&quot;background_background&quot;:&quot;classic&quot;}\">\n\t\t\t\t<div class=\"elementor-element elementor-element-9bc058a elementor-widget elementor-widget-text-editor\" data-id=\"9bc058a\" data-element_type=\"widget\" data-e-type=\"widget\" data-widget_type=\"text-editor.default\">\n\t\t\t\t\t\t\t\t\t<p><strong>1- Veri Sorumlusu<\/strong><\/p><p>6698 say\u0131l\u0131 Ki\u015fisel Verilerin Korunmas\u0131 Kanunu (\u201cKVKK\u201d) uyar\u0131nca ki\u015fisel verileriniz, veri sorumlusu s\u0131fat\u0131yla\u00a0<strong>UYKSEF<\/strong>\u00a0 taraf\u0131ndan a\u015fa\u011f\u0131da a\u00e7\u0131klanan kapsamda i\u015flenebilecektir<\/p><p><strong>2- \u0130\u015flenen Ki\u015fisel Veriler<\/strong><\/p><p>Web sitemizi ziyaret etti\u011finizde veya hizmetlerimizden yararland\u0131\u011f\u0131n\u0131zda a\u015fa\u011f\u0131daki ki\u015fisel verileriniz i\u015flenebilir:<\/p><ul><li>Ad ve soyad bilgisi<\/li><li>E-posta adresi<\/li><li>Telefon numaras\u0131<\/li><li>IP adresi<\/li><li>Kullan\u0131c\u0131 i\u015flem bilgileri<\/li><li>\u00c7erez (cookie) verileri<\/li><li>Mesaj ve ileti\u015fim i\u00e7erikleri<\/li><li><strong>\u00d6zel Nitelikli Ki\u015fisel Veriler:<\/strong>\u00a0Taktik, savunma ve silahl\u0131\/silahs\u0131z koruma e\u011fitimlerine kat\u0131l\u0131m \u015fartlar\u0131n\u0131 sa\u011flamak amac\u0131yla al\u0131nan sa\u011fl\u0131k durum beyanlar\u0131 ve adli sicil\/ceza mahk\u00fbmiyeti kay\u0131tlar\u0131.<\/li><li><strong>G\u00f6rsel ve \u0130\u015fitsel Kay\u0131tlar:<\/strong>\u00a0Fiziki saha e\u011fitimleri, seminerler ve tatbikatlar s\u0131ras\u0131nda g\u00fcvenlik, kurumsal ar\u015fiv ve tan\u0131t\u0131m ama\u00e7l\u0131 olarak kaydedilen foto\u011fraf ve kamera\/video kay\u0131tlar\u0131.<\/li><li><strong>Finansal Bilgiler:<\/strong> Fatura kesimi ve \u00f6deme i\u015flemleri (Abonelik, Taktik Ma\u011faza al\u0131\u015fveri\u015fleri vb.) i\u00e7in gerekli finansal i\u015flem ve \u00f6deme verileri.<\/li><\/ul><p><strong>3- Ki\u015fisel Verilerin \u0130\u015flenme Ama\u00e7lar\u0131<\/strong><\/p><p>Toplanan ki\u015fisel verileriniz a\u015fa\u011f\u0131daki ama\u00e7larla i\u015flenebilir:<\/p><ul><li>Web sitesi hizmetlerinin sunulmas\u0131<\/li><li>Kullan\u0131c\u0131 taleplerinin kar\u015f\u0131lanmas\u0131<\/li><li>\u0130leti\u015fim faaliyetlerinin y\u00fcr\u00fct\u00fclmesi<\/li><li>Site g\u00fcvenli\u011finin sa\u011flanmas\u0131<\/li><li>Yasal y\u00fck\u00fcml\u00fcl\u00fcklerin yerine getirilmesi<\/li><li>Hizmetlerin geli\u015ftirilmesi ve iyile\u015ftirilmesi<\/li><li>Fiziki saha e\u011fitimlerinde alan ve kat\u0131l\u0131mc\u0131 g\u00fcvenli\u011finin sa\u011flanabilmesi,<\/li><li>Kat\u0131l\u0131mc\u0131lar\u0131n e\u011fitim programlar\u0131na (Taktik At\u0131\u015f, Yak\u0131n Koruma vb.) hukuki, adli ve fiziki uygunluklar\u0131n\u0131n denetlenmesi,<\/li><li>Ba\u015far\u0131yla tamamlanan e\u011fitimlerin sertifikasyon ve akreditasyon (\u00f6rn: UYKSEF vb.) s\u00fcre\u00e7lerinin resmi merciler nezdinde y\u00fcr\u00fct\u00fclmesi,<\/li><li>E\u011fitim ve etkinliklerde \u00e7ekilen g\u00f6rsel\/i\u015fitsel kay\u0131tlar\u0131n SMK Akademi\u2019nin kurumsal web sitelerinde, sosyal medya hesaplar\u0131nda ve tan\u0131t\u0131m faaliyetlerinde kullan\u0131lmas\u0131 (A\u00e7\u0131k R\u0131zan\u0131za istinaden).<\/li><\/ul><p><strong>4- Ki\u015fisel Verilerin Aktar\u0131lmas\u0131<\/strong><\/p><p>Toplanan ki\u015fisel verileriniz;<\/p><ul><li>Yetkili kamu kurum ve kurulu\u015flar\u0131<\/li><li>Yasal zorunluluklar kapsam\u0131nda resmi merciler<\/li><li>Hizmet al\u0131nan teknik altyap\u0131 sa\u011flay\u0131c\u0131lar\u0131<\/li><li>Sertifikasyon ve denetim i\u015flemleri i\u00e7in ilgili g\u00fcvenlik federasyonlar\u0131 (UYKSEF vb.) ve akreditasyon kurumlar\u0131,<\/li><li>\u00d6deme tahsilat s\u00fcre\u00e7lerinin y\u00fcr\u00fct\u00fclmesi amac\u0131yla bankalar ve BDDK lisansl\u0131 elektronik \u00f6deme kurulu\u015flar\u0131,<\/li><li>Muhasebe, hukuk ve mali denetim s\u00fcre\u00e7leri i\u00e7in yetkili dan\u0131\u015fmanlar ve i\u015f ortaklar\u0131 ile KVKK\u2019n\u0131n 8. ve 9. maddelerine uygun olarak payla\u015f\u0131labilir.<\/li><\/ul><p><strong>5- Ki\u015fisel Verilerin Toplanma Y\u00f6ntemi ve Hukuki Sebebi<\/strong><\/p><p>Ki\u015fisel verileriniz;<\/p><ul><li>Web sitesi formlar\u0131<\/li><li>\u0130leti\u015fim formlar\u0131<\/li><li>\u00dcyelik i\u015flemleri<\/li><li>\u00c7erezler (cookies) gibi y\u00f6ntemlerle elektronik ortamda toplanmaktad\u0131r.<\/li><\/ul><p>Bu veriler KVKK\u2019n\u0131n;<\/p><ul><li>5\/2 maddesinde belirtilen\u00a0<strong>hukuki y\u00fck\u00fcml\u00fcl\u00fcklerin yerine getirilmesi<\/strong><\/li><li>S\u00f6zle\u015fmenin kurulmas\u0131 ve ifas\u0131<\/li><li>Veri sorumlusunun me\u015fru menfaatleri hukuki sebeplerine dayan\u0131larak i\u015flenmektedir.<\/li><\/ul><p><strong>6- KVKK Kapsam\u0131ndaki Haklar\u0131n\u0131z<\/strong><\/p><p>KVKK\u2019n\u0131n\u00a0<strong>11. maddesi<\/strong>\u00a0kapsam\u0131nda veri sahipleri a\u015fa\u011f\u0131daki haklara sahiptir:<\/p><ul><li>Ki\u015fisel verilerinin i\u015flenip i\u015flenmedi\u011fini \u00f6\u011frenme<\/li><li>\u0130\u015flenen verilere ili\u015fkin bilgi talep etme<\/li><li>Verilerin i\u015flenme amac\u0131n\u0131 \u00f6\u011frenme<\/li><li>Verilerin aktar\u0131ld\u0131\u011f\u0131 \u00fc\u00e7\u00fcnc\u00fc ki\u015fileri bilme<\/li><li>Eksik veya yanl\u0131\u015f i\u015flenen verilerin d\u00fczeltilmesini isteme<\/li><li>KVKK kapsam\u0131nda verilerin silinmesini veya yok edilmesini talep etme<\/li><li>\u0130\u015flenen verilerin m\u00fcnhas\u0131ran otomatik sistemler arac\u0131l\u0131\u011f\u0131yla analiz edilmesi sonucu aleyhe bir durum olu\u015fmas\u0131na itiraz etme<\/li><li>Kanuna ayk\u0131r\u0131 veri i\u015flenmesi nedeniyle zarara u\u011framas\u0131 halinde zarar\u0131n\u0131n giderilmesini talep etme<\/li><\/ul><p><strong>7- Ba\u015fvuru Y\u00f6ntemi<\/strong><\/p><p>KVKK kapsam\u0131ndaki taleplerinizi a\u015fa\u011f\u0131daki ileti\u015fim kanallar\u0131 \u00fczerinden veri sorumlusuna iletebilirsiniz:<\/p><ul><li><strong>Web sitesi:\u00a0<\/strong>www.uyksef.org.tr<\/li><li><strong>E-posta:\u00a0<\/strong>info@uyksef.org.tr<\/li><li><strong>Fiziki Adres:<\/strong>\u00a0Urla\/ \u00c7e\u015fme karayolu No:404 Torasan Mahallesi Urla\/\u0130zmir<\/li><li><strong>KEP Adresi:<\/strong>\u00a0suleyman.kocabiyik@hs01.kep.tr<\/li><\/ul><p>Ba\u015fvurular\u0131n\u0131z en ge\u00e7\u00a0<strong>30 g\u00fcn i\u00e7erisinde<\/strong>\u00a0sonu\u00e7land\u0131r\u0131lacakt\u0131r.<\/p>\t\t\t\t\t\t\t\t<\/div>\n\t\t\t\t<\/div>\n\t\t\t\t\t<\/div>\n\t\t\t\t<\/div>\n\t\t\t\t<\/div>","protected":false},"excerpt":{"rendered":"<p>KVKK 1- Veri Sorumlusu 6698 say\u0131l\u0131 Ki\u015fisel Verilerin Korunmas\u0131 Kanunu (\u201cKVKK\u201d) uyar\u0131nca ki\u015fisel verileriniz, veri sorumlusu s\u0131fat\u0131yla\u00a0UYKSEF\u00a0 taraf\u0131ndan a\u015fa\u011f\u0131da a\u00e7\u0131klanan kapsamda i\u015flenebilecektir 2- \u0130\u015flenen Ki\u015fisel Veriler Web sitemizi ziyaret etti\u011finizde veya hizmetlerimizden yararland\u0131\u011f\u0131n\u0131zda a\u015fa\u011f\u0131daki ki\u015fisel verileriniz i\u015flenebilir: Ad ve soyad bilgisi E-posta adresi Telefon numaras\u0131 IP adresi Kullan\u0131c\u0131 i\u015flem bilgileri \u00c7erez (cookie) verileri Mesaj ve&#8230;<\/p>","protected":false},"author":1,"featured_media":0,"parent":0,"menu_order":0,"comment_status":"closed","ping_status":"closed","template":"","meta":{"_acf_changed":false,"_kadence_starter_templates_imported_post":false,"_kad_post_transparent":"default","_kad_post_title":"hide","_kad_post_layout":"fullwidth","_kad_post_sidebar_id":"","_kad_post_content_style":"unboxed","_kad_post_vertical_padding":"hide","_kad_post_feature":"hide","_kad_post_feature_position":"","_kad_post_header":false,"_kad_post_footer":false,"_kad_post_classname":"","footnotes":""},"class_list":["post-746","page","type-page","status-publish","hentry"],"acf":[],"_links":{"self":[{"href":"https:\/\/uyksef.org.tr\/en\/wp-json\/wp\/v2\/pages\/746","targetHints":{"allow":["GET"]}}],"collection":[{"href":"https:\/\/uyksef.org.tr\/en\/wp-json\/wp\/v2\/pages"}],"about":[{"href":"https:\/\/uyksef.org.tr\/en\/wp-json\/wp\/v2\/types\/page"}],"author":[{"embeddable":true,"href":"https:\/\/uyksef.org.tr\/en\/wp-json\/wp\/v2\/users\/1"}],"replies":[{"embeddable":true,"href":"https:\/\/uyksef.org.tr\/en\/wp-json\/wp\/v2\/comments?post=746"}],"version-history":[{"count":4,"href":"https:\/\/uyksef.org.tr\/en\/wp-json\/wp\/v2\/pages\/746\/revisions"}],"predecessor-version":[{"id":750,"href":"https:\/\/uyksef.org.tr\/en\/wp-json\/wp\/v2\/pages\/746\/revisions\/750"}],"wp:attachment":[{"href":"https:\/\/uyksef.org.tr\/en\/wp-json\/wp\/v2\/media?parent=746"}],"curies":[{"name":"wp","href":"https:\/\/api.w.org\/{rel}","templated":true}]}}