{"id":617,"date":"2026-03-26T13:36:02","date_gmt":"2026-03-26T10:36:02","guid":{"rendered":"https:\/\/uyksef.org.tr\/new\/?page_id=617"},"modified":"2026-04-13T13:28:52","modified_gmt":"2026-04-13T10:28:52","slug":"savunma-egitimi","status":"publish","type":"page","link":"https:\/\/uyksef.org.tr\/en\/savunma-egitimi\/","title":{"rendered":"Defense Training"},"content":{"rendered":"<div data-elementor-type=\"wp-page\" data-elementor-id=\"617\" class=\"elementor elementor-617\">\n\t\t\t\t<div class=\"elementor-element elementor-element-6831394 e-flex e-con-boxed e-con e-parent\" data-id=\"6831394\" data-element_type=\"container\" data-e-type=\"container\" data-settings=\"{&quot;background_background&quot;:&quot;classic&quot;}\">\n\t\t\t\t\t<div class=\"e-con-inner\">\n\t\t<div class=\"elementor-element elementor-element-162572e e-con-full e-flex e-con e-child\" data-id=\"162572e\" data-element_type=\"container\" data-e-type=\"container\">\n\t\t\t\t<div class=\"elementor-element elementor-element-a327c5e elementor-widget elementor-widget-heading\" data-id=\"a327c5e\" data-element_type=\"widget\" data-e-type=\"widget\" data-widget_type=\"heading.default\">\n\t\t\t\t\t<h2 class=\"elementor-heading-title elementor-size-default\">DEFENSE TRAINING<\/h2>\t\t\t\t<\/div>\n\t\t\t\t<\/div>\n\t\t<div class=\"elementor-element elementor-element-292cb69 e-con-full e-flex e-con e-child\" data-id=\"292cb69\" data-element_type=\"container\" data-e-type=\"container\" data-settings=\"{&quot;background_background&quot;:&quot;classic&quot;}\">\n\t\t\t\t<div class=\"elementor-element elementor-element-0b922f9 elementor-arrows-position-inside elementor-widget elementor-widget-image-carousel\" data-id=\"0b922f9\" data-element_type=\"widget\" data-e-type=\"widget\" data-settings=\"{&quot;slides_to_show&quot;:&quot;1&quot;,&quot;navigation&quot;:&quot;arrows&quot;,&quot;autoplay&quot;:&quot;yes&quot;,&quot;pause_on_hover&quot;:&quot;yes&quot;,&quot;pause_on_interaction&quot;:&quot;yes&quot;,&quot;autoplay_speed&quot;:5000,&quot;infinite&quot;:&quot;yes&quot;,&quot;effect&quot;:&quot;slide&quot;,&quot;speed&quot;:500}\" data-widget_type=\"image-carousel.default\">\n\t\t\t\t\t\t\t<div class=\"elementor-image-carousel-wrapper swiper\" role=\"region\" aria-roledescription=\"carousel\" aria-label=\"Resim D\u00f6ng\u00fcs\u00fc\" dir=\"ltr\">\n\t\t\t<div class=\"elementor-image-carousel swiper-wrapper\" aria-live=\"off\">\n\t\t\t\t\t\t\t\t<div class=\"swiper-slide\" role=\"group\" aria-roledescription=\"slide\" aria-label=\"1 of 4\"><figure class=\"swiper-slide-inner\"><img decoding=\"async\" class=\"swiper-slide-image\" src=\"https:\/\/uyksef.org.tr\/wp-content\/uploads\/2026\/04\/Savunma-Egitimi-01.jpg\" alt=\"Savunma E\u011fitimi-01\" \/><\/figure><\/div><div class=\"swiper-slide\" role=\"group\" aria-roledescription=\"slide\" aria-label=\"2 of 4\"><figure class=\"swiper-slide-inner\"><img decoding=\"async\" class=\"swiper-slide-image\" src=\"https:\/\/uyksef.org.tr\/wp-content\/uploads\/2026\/04\/Savunma-Egitimi-03.jpg\" alt=\"Savunma E\u011fitimi-03\" \/><\/figure><\/div><div class=\"swiper-slide\" role=\"group\" aria-roledescription=\"slide\" aria-label=\"3 of 4\"><figure class=\"swiper-slide-inner\"><img decoding=\"async\" class=\"swiper-slide-image\" src=\"https:\/\/uyksef.org.tr\/wp-content\/uploads\/2026\/04\/Savunma-Egitimi-04.jpg\" alt=\"Savunma E\u011fitimi-04\" \/><\/figure><\/div><div class=\"swiper-slide\" role=\"group\" aria-roledescription=\"slide\" aria-label=\"4 of 4\"><figure class=\"swiper-slide-inner\"><img decoding=\"async\" class=\"swiper-slide-image\" src=\"https:\/\/uyksef.org.tr\/wp-content\/uploads\/2026\/04\/Savunma-Egitimi-02.jpg\" alt=\"Savunma E\u011fitimi-02\" \/><\/figure><\/div>\t\t\t<\/div>\n\t\t\t\t\t\t\t\t\t\t\t\t<div class=\"elementor-swiper-button elementor-swiper-button-prev\" role=\"button\" tabindex=\"0\">\n\t\t\t\t\t\t<svg aria-hidden=\"true\" class=\"e-font-icon-svg e-eicon-chevron-left\" viewbox=\"0 0 1000 1000\" xmlns=\"http:\/\/www.w3.org\/2000\/svg\"><path d=\"M646 125C629 125 613 133 604 142L308 442C296 454 292 471 292 487 292 504 296 521 308 533L604 854C617 867 629 875 646 875 663 875 679 871 692 858 704 846 713 829 713 812 713 796 708 779 692 767L438 487 692 225C700 217 708 204 708 187 708 171 704 154 692 142 675 129 663 125 646 125Z\"><\/path><\/svg>\t\t\t\t\t<\/div>\n\t\t\t\t\t<div class=\"elementor-swiper-button elementor-swiper-button-next\" role=\"button\" tabindex=\"0\">\n\t\t\t\t\t\t<svg aria-hidden=\"true\" class=\"e-font-icon-svg e-eicon-chevron-right\" viewbox=\"0 0 1000 1000\" xmlns=\"http:\/\/www.w3.org\/2000\/svg\"><path d=\"M696 533C708 521 713 504 713 487 713 471 708 454 696 446L400 146C388 133 375 125 354 125 338 125 325 129 313 142 300 154 292 171 292 187 292 204 296 221 308 233L563 492 304 771C292 783 288 800 288 817 288 833 296 850 308 863 321 871 338 875 354 875 371 875 388 867 400 854L696 533Z\"><\/path><\/svg>\t\t\t\t\t<\/div>\n\t\t\t\t\n\t\t\t\t\t\t\t\t\t<\/div>\n\t\t\t\t\t\t<\/div>\n\t\t\t\t<\/div>\n\t\t<div class=\"elementor-element elementor-element-6ee1feb e-con-full e-flex e-con e-child\" data-id=\"6ee1feb\" data-element_type=\"container\" data-e-type=\"container\" data-settings=\"{&quot;background_background&quot;:&quot;classic&quot;}\">\n\t\t\t\t<div class=\"elementor-element elementor-element-b78d6b2 elementor-widget elementor-widget-text-editor\" data-id=\"b78d6b2\" data-element_type=\"widget\" data-e-type=\"widget\" data-widget_type=\"text-editor.default\">\n\t\t\t\t\t\t\t\t\t<p><span style=\"color: #c9a646;\"><strong>Course Duration: <\/strong><\/span>One-on-one training is available.<\/p><p class=\"translation-block\">The defense training covers the <strong>SMK Self-Defense<\/strong> system. The abbreviation \u2018SMK\u2019 is derived from the initials of S\u00fcleyMan Kocab\u0131y\u0131k. It also stands for \u2018Defense Intervention Concept.\u2019 Developed by S\u00fcleyman Kocab\u0131y\u0131k, this system is a form of defense training designed in full compliance with the law of self-defense, based on the principle of proportionality, and adapted to real-life, uncontrolled street conditions.<\/p>\t\t\t\t\t\t\t\t<\/div>\n\t\t\t\t<\/div>\n\t\t<div class=\"elementor-element elementor-element-9adfa3d e-con-full e-flex e-con e-child\" data-id=\"9adfa3d\" data-element_type=\"container\" data-e-type=\"container\" data-settings=\"{&quot;background_background&quot;:&quot;classic&quot;}\">\n\t\t<div class=\"elementor-element elementor-element-46d53d9 e-con-full e-flex e-con e-child\" data-id=\"46d53d9\" data-element_type=\"container\" data-e-type=\"container\" data-settings=\"{&quot;background_background&quot;:&quot;classic&quot;}\">\n\t\t\t\t<div class=\"elementor-element elementor-element-2d9e6fa elementor-widget elementor-widget-heading\" data-id=\"2d9e6fa\" data-element_type=\"widget\" data-e-type=\"widget\" data-widget_type=\"heading.default\">\n\t\t\t\t\t<h2 class=\"elementor-heading-title elementor-size-default\">Training Content:<\/h2>\t\t\t\t<\/div>\n\t\t\t\t<div class=\"elementor-element elementor-element-81f7381 elementor-widget elementor-widget-text-editor\" data-id=\"81f7381\" data-element_type=\"widget\" data-e-type=\"widget\" data-widget_type=\"text-editor.default\">\n\t\t\t\t\t\t\t\t\t<ul><li>Defense knowledge in compliance with self-defense law and legal framework<\/li><li>Unarmed defense and attack training<\/li><li>Controlling the opponent<\/li><li>Technical defense and attack with minimum force<\/li><li>How to neutralize a stronger opponent<\/li><li>Principles of continuous (combination) techniques<\/li><li>Intervention against knife, stick, and armed attackers<\/li><li>Fighting and responding to multiple attackers<\/li><li>Effective striking techniques<\/li><li>Defense by targeting sensitive points<\/li><li>Executing sudden attacks<\/li><li>Ability to use knife and stick<\/li><li>Using everyday items (pen, keychain, water bottle, newspaper, glasses, phone, wallet, belt, etc.) as defensive tools<\/li><li>What to do in situations of harassment, assault, and threats<\/li><li>Establishing psychological superiority<\/li><li>Manipulating the opponent<\/li><li>Crisis management<\/li><li>Anger control<\/li><\/ul>\t\t\t\t\t\t\t\t<\/div>\n\t\t\t\t<\/div>\n\t\t\t\t<\/div>\n\t\t\t\t\t<\/div>\n\t\t\t\t<\/div>\n\t\t\t\t<\/div>","protected":false},"excerpt":{"rendered":"<p>SAVUNMA E\u011e\u0130T\u0130M\u0130 Kurs S\u00fcresi: Ki\u015fiye \u00d6zel Ders verilmektedir. Savunma e\u011fitimi SMK Self Defans\u0131 kapsamaktad\u0131r. SMK harfleri \u2018\u2019S\u00fcleyMan Kocab\u0131y\u0131k\u2019\u2019\u0131n SMK harflerinden olu\u015fmaktad\u0131r. Bir di\u011fer a\u00e7\u0131l\u0131m\u0131 ise Savunma M\u00fcdahale Konsepti demektir. Tamamen nefsi m\u00fcdafaa kanunu \u00e7er\u00e7evesinde kalan ve oran orant\u0131 prensibi ile sokaktaki kurals\u0131zl\u0131\u011fa en uygun savunma sporu olarak S\u00fcleyman Kocab\u0131y\u0131k taraf\u0131ndan geli\u015ftirilmi\u015f bir savunma sistemidir. E\u011fitim&#8230;<\/p>","protected":false},"author":1,"featured_media":0,"parent":0,"menu_order":0,"comment_status":"closed","ping_status":"closed","template":"","meta":{"_acf_changed":false,"_kadence_starter_templates_imported_post":false,"_kad_post_transparent":"default","_kad_post_title":"hide","_kad_post_layout":"fullwidth","_kad_post_sidebar_id":"","_kad_post_content_style":"unboxed","_kad_post_vertical_padding":"hide","_kad_post_feature":"hide","_kad_post_feature_position":"","_kad_post_header":false,"_kad_post_footer":false,"_kad_post_classname":"","footnotes":""},"class_list":["post-617","page","type-page","status-publish","hentry"],"acf":[],"_links":{"self":[{"href":"https:\/\/uyksef.org.tr\/en\/wp-json\/wp\/v2\/pages\/617","targetHints":{"allow":["GET"]}}],"collection":[{"href":"https:\/\/uyksef.org.tr\/en\/wp-json\/wp\/v2\/pages"}],"about":[{"href":"https:\/\/uyksef.org.tr\/en\/wp-json\/wp\/v2\/types\/page"}],"author":[{"embeddable":true,"href":"https:\/\/uyksef.org.tr\/en\/wp-json\/wp\/v2\/users\/1"}],"replies":[{"embeddable":true,"href":"https:\/\/uyksef.org.tr\/en\/wp-json\/wp\/v2\/comments?post=617"}],"version-history":[{"count":10,"href":"https:\/\/uyksef.org.tr\/en\/wp-json\/wp\/v2\/pages\/617\/revisions"}],"predecessor-version":[{"id":1021,"href":"https:\/\/uyksef.org.tr\/en\/wp-json\/wp\/v2\/pages\/617\/revisions\/1021"}],"wp:attachment":[{"href":"https:\/\/uyksef.org.tr\/en\/wp-json\/wp\/v2\/media?parent=617"}],"curies":[{"name":"wp","href":"https:\/\/api.w.org\/{rel}","templated":true}]}}