{"id":611,"date":"2026-03-26T13:28:04","date_gmt":"2026-03-26T10:28:04","guid":{"rendered":"https:\/\/uyksef.org.tr\/new\/?page_id=611"},"modified":"2026-04-13T13:29:54","modified_gmt":"2026-04-13T10:29:54","slug":"yakin-koruma-amirligi-egitimi","status":"publish","type":"page","link":"https:\/\/uyksef.org.tr\/en\/yakin-koruma-amirligi-egitimi\/","title":{"rendered":"Executive Protection Supervisor Training"},"content":{"rendered":"<div data-elementor-type=\"wp-page\" data-elementor-id=\"611\" class=\"elementor elementor-611\">\n\t\t\t\t<div class=\"elementor-element elementor-element-6831394 e-flex e-con-boxed e-con e-parent\" data-id=\"6831394\" data-element_type=\"container\" data-e-type=\"container\" data-settings=\"{&quot;background_background&quot;:&quot;classic&quot;}\">\n\t\t\t\t\t<div class=\"e-con-inner\">\n\t\t<div class=\"elementor-element elementor-element-162572e e-con-full e-flex e-con e-child\" data-id=\"162572e\" data-element_type=\"container\" data-e-type=\"container\">\n\t\t\t\t<div class=\"elementor-element elementor-element-a327c5e elementor-widget elementor-widget-heading\" data-id=\"a327c5e\" data-element_type=\"widget\" data-e-type=\"widget\" data-widget_type=\"heading.default\">\n\t\t\t\t\t<h2 class=\"elementor-heading-title elementor-size-default\">EXECUTIVE PROTECTION SUPERVISOR TRAINING<\/h2>\t\t\t\t<\/div>\n\t\t\t\t<\/div>\n\t\t<div class=\"elementor-element elementor-element-292cb69 e-con-full e-flex e-con e-child\" data-id=\"292cb69\" data-element_type=\"container\" data-e-type=\"container\" data-settings=\"{&quot;background_background&quot;:&quot;classic&quot;}\">\n\t\t\t\t<div class=\"elementor-element elementor-element-72d80ea elementor-arrows-position-inside elementor-widget elementor-widget-image-carousel\" data-id=\"72d80ea\" data-element_type=\"widget\" data-e-type=\"widget\" data-settings=\"{&quot;slides_to_show&quot;:&quot;1&quot;,&quot;navigation&quot;:&quot;arrows&quot;,&quot;autoplay&quot;:&quot;yes&quot;,&quot;pause_on_hover&quot;:&quot;yes&quot;,&quot;pause_on_interaction&quot;:&quot;yes&quot;,&quot;autoplay_speed&quot;:5000,&quot;infinite&quot;:&quot;yes&quot;,&quot;effect&quot;:&quot;slide&quot;,&quot;speed&quot;:500}\" data-widget_type=\"image-carousel.default\">\n\t\t\t\t\t\t\t<div class=\"elementor-image-carousel-wrapper swiper\" role=\"region\" aria-roledescription=\"carousel\" aria-label=\"Resim D\u00f6ng\u00fcs\u00fc\" dir=\"ltr\">\n\t\t\t<div class=\"elementor-image-carousel swiper-wrapper\" aria-live=\"off\">\n\t\t\t\t\t\t\t\t<div class=\"swiper-slide\" role=\"group\" aria-roledescription=\"slide\" aria-label=\"1 of 4\" data-no-translation-aria-label=\"\"><figure class=\"swiper-slide-inner\"><img decoding=\"async\" class=\"swiper-slide-image\" src=\"https:\/\/uyksef.org.tr\/wp-content\/uploads\/2026\/04\/Yakin-Koruma-Amirligi-04.jpg\" alt=\"Yak\u0131n Koruma Amirli\u011fi-04\" \/><\/figure><\/div><div class=\"swiper-slide\" role=\"group\" aria-roledescription=\"slide\" aria-label=\"2 of 4\" data-no-translation-aria-label=\"\"><figure class=\"swiper-slide-inner\"><img decoding=\"async\" class=\"swiper-slide-image\" src=\"https:\/\/uyksef.org.tr\/wp-content\/uploads\/2026\/04\/Yakin-Koruma-Amirligi-01.jpg\" alt=\"Yak\u0131n Koruma Amirli\u011fi-01\" \/><\/figure><\/div><div class=\"swiper-slide\" role=\"group\" aria-roledescription=\"slide\" aria-label=\"3 of 4\" data-no-translation-aria-label=\"\"><figure class=\"swiper-slide-inner\"><img decoding=\"async\" class=\"swiper-slide-image\" src=\"https:\/\/uyksef.org.tr\/wp-content\/uploads\/2026\/04\/Yakin-Koruma-Amirligi-02.jpg\" alt=\"Yak\u0131n Koruma Amirli\u011fi-02\" \/><\/figure><\/div><div class=\"swiper-slide\" role=\"group\" aria-roledescription=\"slide\" aria-label=\"4 of 4\" data-no-translation-aria-label=\"\"><figure class=\"swiper-slide-inner\"><img decoding=\"async\" class=\"swiper-slide-image\" src=\"https:\/\/uyksef.org.tr\/wp-content\/uploads\/2026\/04\/Yakin-Koruma-Amirligi-03.jpg\" alt=\"Yak\u0131n Koruma Amirli\u011fi-03\" \/><\/figure><\/div>\t\t\t<\/div>\n\t\t\t\t\t\t\t\t\t\t\t\t<div class=\"elementor-swiper-button elementor-swiper-button-prev\" role=\"button\" tabindex=\"0\">\n\t\t\t\t\t\t<svg aria-hidden=\"true\" class=\"e-font-icon-svg e-eicon-chevron-left\" viewbox=\"0 0 1000 1000\" xmlns=\"http:\/\/www.w3.org\/2000\/svg\"><path d=\"M646 125C629 125 613 133 604 142L308 442C296 454 292 471 292 487 292 504 296 521 308 533L604 854C617 867 629 875 646 875 663 875 679 871 692 858 704 846 713 829 713 812 713 796 708 779 692 767L438 487 692 225C700 217 708 204 708 187 708 171 704 154 692 142 675 129 663 125 646 125Z\"><\/path><\/svg>\t\t\t\t\t<\/div>\n\t\t\t\t\t<div class=\"elementor-swiper-button elementor-swiper-button-next\" role=\"button\" tabindex=\"0\">\n\t\t\t\t\t\t<svg aria-hidden=\"true\" class=\"e-font-icon-svg e-eicon-chevron-right\" viewbox=\"0 0 1000 1000\" xmlns=\"http:\/\/www.w3.org\/2000\/svg\"><path d=\"M696 533C708 521 713 504 713 487 713 471 708 454 696 446L400 146C388 133 375 125 354 125 338 125 325 129 313 142 300 154 292 171 292 187 292 204 296 221 308 233L563 492 304 771C292 783 288 800 288 817 288 833 296 850 308 863 321 871 338 875 354 875 371 875 388 867 400 854L696 533Z\"><\/path><\/svg>\t\t\t\t\t<\/div>\n\t\t\t\t\n\t\t\t\t\t\t\t\t\t<\/div>\n\t\t\t\t\t\t<\/div>\n\t\t\t\t<\/div>\n\t\t<div class=\"elementor-element elementor-element-ac166fd e-con-full e-flex e-con e-child\" data-id=\"ac166fd\" data-element_type=\"container\" data-e-type=\"container\" data-settings=\"{&quot;background_background&quot;:&quot;classic&quot;}\">\n\t\t\t\t<div class=\"elementor-element elementor-element-1bf3f43 elementor-widget elementor-widget-text-editor\" data-id=\"1bf3f43\" data-element_type=\"widget\" data-e-type=\"widget\" data-widget_type=\"text-editor.default\">\n\t\t\t\t\t\t\t\t\t<p><span style=\"color: #c9a646;\"><strong>Course Duration:\u00a0<\/strong><\/span>Total 50 Hours \u2013 5 Days \/ 10 hours a day<\/p><p>5 nights, 6 days \/ 10 hours of training per day \/ approximately 40 hours total<\/p><p>At the end of this training\u00a0<span style=\"color: #c9a646;\"><strong>Custom Badge<\/strong><\/span><\/p><p>Amirlik e\u011fitimine,\u00a0<strong>\u0130leri Seviye kursumuzu bitirmi\u015f kursiyerlerimiz kat\u0131labilmektedir.<\/strong><\/p><p><span style=\"color: #c9a646;\"><strong>Tuition fees do not include food and drinks.<\/strong>\u00a0<br \/><\/span>Food and drink needs will be determined at the camp in coordination with the instructors. The cost is paid by the participant at the time of camp. Contact us for detailed information.<\/p><p><strong><span style=\"color: #c9a646;\">ACCOMMODATION IS INCLUDED!<\/span><br \/><\/strong>Capacity: 16 people.<\/p><ul><li>It is held only twice a year.<\/li><\/ul><p><strong>\u00a0<\/strong>Training camps are held at our Federation's headquarters in Izmir.<\/p>\t\t\t\t\t\t\t\t<\/div>\n\t\t\t\t<\/div>\n\t\t<div class=\"elementor-element elementor-element-9adfa3d e-con-full e-flex e-con e-child\" data-id=\"9adfa3d\" data-element_type=\"container\" data-e-type=\"container\" data-settings=\"{&quot;background_background&quot;:&quot;classic&quot;}\">\n\t\t<div class=\"elementor-element elementor-element-46d53d9 e-con-full e-flex e-con e-child\" data-id=\"46d53d9\" data-element_type=\"container\" data-e-type=\"container\" data-settings=\"{&quot;background_background&quot;:&quot;classic&quot;}\">\n\t\t\t\t<div class=\"elementor-element elementor-element-2d9e6fa elementor-widget elementor-widget-heading\" data-id=\"2d9e6fa\" data-element_type=\"widget\" data-e-type=\"widget\" data-widget_type=\"heading.default\">\n\t\t\t\t\t<h2 class=\"elementor-heading-title elementor-size-default\">Required Equipment:<\/h2>\t\t\t\t<\/div>\n\t\t\t\t<div class=\"elementor-element elementor-element-81f7381 elementor-widget elementor-widget-text-editor\" data-id=\"81f7381\" data-element_type=\"widget\" data-e-type=\"widget\" data-widget_type=\"text-editor.default\">\n\t\t\t\t\t\t\t\t\t<ul><li>Tactical T-shirts (Minimum 2 pieces)<\/li><li>Tactical Belt<\/li><li>Tactical Shirt (shirt is not mandatory)<\/li><li>Magazine Pouch<\/li><li>Holster<\/li><\/ul><p><span style=\"color: #c9a646;\"><strong>You purchase the products listed above from us.<\/strong><\/span><\/p><ul><li>Tactical Pants<\/li><li>Tactical Boots or Terrain-Appropriate Sports Shoes<\/li><\/ul><p>You can purchase this equipment from our Federation. However, you need to inquire during registration. You may not be able to obtain some items on the day of training, so you should order them at least one month in advance.<\/p>\t\t\t\t\t\t\t\t<\/div>\n\t\t\t\t<\/div>\n\t\t<div class=\"elementor-element elementor-element-0388b33 e-con-full e-flex e-con e-child\" data-id=\"0388b33\" data-element_type=\"container\" data-e-type=\"container\" data-settings=\"{&quot;background_background&quot;:&quot;classic&quot;}\">\n\t\t\t\t<div class=\"elementor-element elementor-element-ad420fb elementor-widget elementor-widget-heading\" data-id=\"ad420fb\" data-element_type=\"widget\" data-e-type=\"widget\" data-widget_type=\"heading.default\">\n\t\t\t\t\t<h2 class=\"elementor-heading-title elementor-size-default\">Training Participation Requirements:<\/h2>\t\t\t\t<\/div>\n\t\t\t\t<div class=\"elementor-element elementor-element-975d4b7 elementor-widget elementor-widget-text-editor\" data-id=\"975d4b7\" data-element_type=\"widget\" data-e-type=\"widget\" data-widget_type=\"text-editor.default\">\n\t\t\t\t\t\t\t\t\t<ol><li>Must be at least 18 years old<\/li><li>Must have a clean criminal record<\/li><li>Must have no mental, psychological, or physical disabilities (severe myopia and complete hearing loss in both ears are disqualifying conditions for participation in this training)<\/li><li>Turkish citizenship is NOT required. Individuals of all nationalities may participate in the training, provided they meet the above requirements.<\/li><li>A medical certificate stating \u2018fit for sports\u2019 from a health center.<\/li><\/ol>\t\t\t\t\t\t\t\t<\/div>\n\t\t\t\t<\/div>\n\t\t\t\t<\/div>\n\t\t<div class=\"elementor-element elementor-element-d04efb0 e-con-full e-flex e-con e-child\" data-id=\"d04efb0\" data-element_type=\"container\" data-e-type=\"container\" data-settings=\"{&quot;background_background&quot;:&quot;classic&quot;}\">\n\t\t<div class=\"elementor-element elementor-element-bf3f66e e-con-full e-flex e-con e-child\" data-id=\"bf3f66e\" data-element_type=\"container\" data-e-type=\"container\" data-settings=\"{&quot;background_background&quot;:&quot;classic&quot;}\">\n\t\t\t\t<div class=\"elementor-element elementor-element-d3bee33 elementor-widget elementor-widget-heading\" data-id=\"d3bee33\" data-element_type=\"widget\" data-e-type=\"widget\" data-widget_type=\"heading.default\">\n\t\t\t\t\t<h2 class=\"elementor-heading-title elementor-size-default\">Training Content:<\/h2>\t\t\t\t<\/div>\n\t\t\t\t<div class=\"elementor-element elementor-element-db8ea95 elementor-hidden-desktop elementor-hidden-tablet elementor-widget elementor-widget-text-editor\" data-id=\"db8ea95\" data-element_type=\"widget\" data-e-type=\"widget\" data-widget_type=\"text-editor.default\">\n\t\t\t\t\t\t\t\t\t<p>You can scroll left and right to view the table.<\/p>\t\t\t\t\t\t\t\t<\/div>\n\t\t\t\t<div class=\"elementor-element elementor-element-2f81798 elementor-widget elementor-widget-shortcode\" data-id=\"2f81798\" data-element_type=\"widget\" data-e-type=\"widget\" data-widget_type=\"shortcode.default\">\n\t\t\t\t\t\t\t<div class=\"elementor-shortcode\">\n<table id=\"tablepress-1\" class=\"tablepress tablepress-id-1\">\n<thead>\n<tr class=\"row-1\">\n\t<th class=\"column-1\">HOUR<\/th><th class=\"column-2\">Day 1: Leadership &amp; Management<\/th><th class=\"column-3\">Day 2: Strategic Planning &amp; Preparatory Work<\/th><th class=\"column-4\">Day 3: Crisis Management &amp; Technology<\/th><th class=\"column-5\">Day 4: Legislation, Logistics &amp; Reporting<\/th><th class=\"column-6\">Day 5: Practice &amp; Examination<\/th>\n<\/tr>\n<\/thead>\n<tbody>\n<tr class=\"row-2\">\n\t<td class=\"column-1\">06:00 - 07:30<\/td><td class=\"column-2\">Lessons 1\u20132: Supervisor-Level Conditioning &amp; Team Discipline<\/td><td class=\"column-3\">Lessons 1\u20132: Convoy Management &amp; Radio Discipline<\/td><td class=\"column-4\">Lessons 1\u20132: Evacuation Under Fire &amp; Movement to a Safe Zone<\/td><td class=\"column-5\">Lessons 1\u20132: Night Operations &amp; Low-Light Drills<\/td><td class=\"column-6\">Lessons 1\u20132: FMP (Field Application) \u2013 Preparation<\/td>\n<\/tr>\n<tr class=\"row-3\">\n\t<td class=\"column-1\">07:30 - 08:30<\/td><td class=\"column-2\">Breakfast<\/td><td class=\"column-3\">Breakfast<\/td><td class=\"column-4\">Breakfast<\/td><td class=\"column-5\">Breakfast<\/td><td class=\"column-6\">Breakfast<\/td>\n<\/tr>\n<tr class=\"row-4\">\n\t<td class=\"column-1\">08:30 - 10:00<\/td><td class=\"column-2\">Lessons 3\u20134: Definition of Supervision &amp; Decision-Making Mechanisms<\/td><td class=\"column-3\">Lessons 3\u20134: Intelligence Gathering &amp; Threat Level Analysis<\/td><td class=\"column-4\">Lessons 3\u20134: Incident Scene Management &amp; Command and Control<\/td><td class=\"column-5\">Lessons 3\u20134: Law No. 5188 and Limits of Authority<\/td><td class=\"column-6\">\u201cLessons 3\u20138: Field Application: Urban Movement &amp; Crisis Scenario<\/td>\n<\/tr>\n<tr class=\"row-5\">\n\t<td class=\"column-1\">10:15 - 11:45<\/td><td class=\"column-2\">Lessons 5\u20136: Team Formation, Task Allocation &amp; Motivation<\/td><td class=\"column-3\">Lessons 5\u20136: Advance Team (SAP) Protocols &amp; Checklist Management<\/td><td class=\"column-4\">Lessons 5\u20136: Medical Evacuation (MEDEVAC) Coordination<\/td><td class=\"column-5\">Lessons 5\u20136: Budget Management &amp; Personnel Shift Planning<\/td><td class=\"column-6\">Lessons 3\u20138: (Continued)<\/td>\n<\/tr>\n<tr class=\"row-6\">\n\t<td class=\"column-1\">11:45 - 12:15<\/td><td class=\"column-2\">Lesson 7: Communication with VIPs &amp; Protocol Rules<\/td><td class=\"column-3\">Lesson 7: Route Analysis (Route Study) &amp; Reconnaissance Methods<\/td><td class=\"column-4\">Lesson 7: Drone &amp; Electronic Threat Management<\/td><td class=\"column-5\">Lesson 7: Operational Order (OPORD) Writing Techniques<\/td><td class=\"column-6\">Lessons 3\u20138: (Continued)<\/td>\n<\/tr>\n<tr class=\"row-7\">\n\t<td class=\"column-1\">12:15 - 13:15<\/td><td class=\"column-2\">Lunch Break<\/td><td class=\"column-3\">Lunch Break<\/td><td class=\"column-4\">Lunch Break<\/td><td class=\"column-5\">Lunch Break<\/td><td class=\"column-6\">Lunch Break<\/td>\n<\/tr>\n<tr class=\"row-8\">\n\t<td class=\"column-1\">13:15 - 14:45<\/td><td class=\"column-2\">Lessons 8\u20139: Train-the-Trainer: The Art of Conducting Drills<\/td><td class=\"column-3\">Lessons 8\u20139: Venue Security (Hotel, Restaurant, Event Area)<\/td><td class=\"column-4\">Lessons 8\u20139: Red Teaming: Testing Your Own Plan<\/td><td class=\"column-5\">Lessons 8\u20139: Media Management &amp; Crowd Control<\/td><td class=\"column-6\">Lessons 9\u201310: Written Exam (Theoretical Assessment)<\/td>\n<\/tr>\n<tr class=\"row-9\">\n\t<td class=\"column-1\">15:00 - 16:30<\/td><td class=\"column-2\">Lessons 10\u201311: Conflict Management &amp; Internal Team Discipline<\/td><td class=\"column-3\">Lessons 10\u201311: Alternative Route &amp; Emergency Escape Planning<\/td><td class=\"column-4\">Lessons 10\u201311: Leadership &amp; Decision-Making Under Pressure<\/td><td class=\"column-5\">Lessons 10\u201311: Reporting &amp; Post-Mission Evaluation<\/td><td class=\"column-6\">Lesson 11: Interview &amp; Performance Evaluation<\/td>\n<\/tr>\n<tr class=\"row-10\">\n\t<td class=\"column-1\">16:30 - 17:00<\/td><td class=\"column-2\">Lesson 12: Daily Evaluation &amp; Briefing<\/td><td class=\"column-3\">Lesson 12: Daily Evaluation &amp; Briefing<\/td><td class=\"column-4\">Lesson 12: Daily Evaluation &amp; Briefing<\/td><td class=\"column-5\">Lesson 12: Daily Evaluation &amp; Briefing<\/td><td class=\"column-6\">Lesson 12: Certificate Ceremony &amp; Closing<\/td>\n<\/tr>\n<\/tbody>\n<\/table>\n<\/div>\n\t\t\t\t\t\t<\/div>\n\t\t\t\t<\/div>\n\t\t\t\t<\/div>\n\t\t\t\t\t<\/div>\n\t\t\t\t<\/div>\n\t\t\t\t<\/div>","protected":false},"excerpt":{"rendered":"<p>YAKIN KORUMA AM\u0130RL\u0130\u011e\u0130 E\u011e\u0130T\u0130M\u0130 Kurs S\u00fcresi:\u00a0Toplam 50 Saat \u2013 5 G\u00fcn\/ G\u00fcnde 10 saat 5 gece 6 g\u00fcn \/ g\u00fcnde 10 saat\u00a0 e\u011fitim \/ toplam 40 saat civar\u0131 Bu e\u011fitim sonunda\u00a0\u00d6zel Rozet Amirlik e\u011fitimine,\u00a0\u0130leri Seviye kursumuzu bitirmi\u015f kursiyerlerimiz kat\u0131labilmektedir. E\u011fitim \u00fccretine Yeme \u2013 \u0130\u00e7me D\u00e2hil de\u011fildir.\u00a0Kamp yerinde e\u011fitmenlerin koordinasyonu ile yeme i\u00e7me ihtiya\u00e7lar\u0131n\u0131z belirlenir. \u00dccreti&#8230;<\/p>","protected":false},"author":1,"featured_media":0,"parent":0,"menu_order":0,"comment_status":"closed","ping_status":"closed","template":"","meta":{"_acf_changed":false,"_kadence_starter_templates_imported_post":false,"_kad_post_transparent":"default","_kad_post_title":"hide","_kad_post_layout":"fullwidth","_kad_post_sidebar_id":"","_kad_post_content_style":"unboxed","_kad_post_vertical_padding":"hide","_kad_post_feature":"hide","_kad_post_feature_position":"","_kad_post_header":false,"_kad_post_footer":false,"_kad_post_classname":"","footnotes":""},"class_list":["post-611","page","type-page","status-publish","hentry"],"acf":[],"_links":{"self":[{"href":"https:\/\/uyksef.org.tr\/en\/wp-json\/wp\/v2\/pages\/611","targetHints":{"allow":["GET"]}}],"collection":[{"href":"https:\/\/uyksef.org.tr\/en\/wp-json\/wp\/v2\/pages"}],"about":[{"href":"https:\/\/uyksef.org.tr\/en\/wp-json\/wp\/v2\/types\/page"}],"author":[{"embeddable":true,"href":"https:\/\/uyksef.org.tr\/en\/wp-json\/wp\/v2\/users\/1"}],"replies":[{"embeddable":true,"href":"https:\/\/uyksef.org.tr\/en\/wp-json\/wp\/v2\/comments?post=611"}],"version-history":[{"count":28,"href":"https:\/\/uyksef.org.tr\/en\/wp-json\/wp\/v2\/pages\/611\/revisions"}],"predecessor-version":[{"id":1028,"href":"https:\/\/uyksef.org.tr\/en\/wp-json\/wp\/v2\/pages\/611\/revisions\/1028"}],"wp:attachment":[{"href":"https:\/\/uyksef.org.tr\/en\/wp-json\/wp\/v2\/media?parent=611"}],"curies":[{"name":"wp","href":"https:\/\/api.w.org\/{rel}","templated":true}]}}