{"id":606,"date":"2026-03-26T13:19:45","date_gmt":"2026-03-26T10:19:45","guid":{"rendered":"https:\/\/uyksef.org.tr\/new\/?page_id=606"},"modified":"2026-04-13T13:31:09","modified_gmt":"2026-04-13T10:31:09","slug":"yakin-koruma-egitimi","status":"publish","type":"page","link":"https:\/\/uyksef.org.tr\/en\/yakin-koruma-egitimi\/","title":{"rendered":"Close Protection Training"},"content":{"rendered":"<div data-elementor-type=\"wp-page\" data-elementor-id=\"606\" class=\"elementor elementor-606\">\n\t\t\t\t<div class=\"elementor-element elementor-element-6831394 e-flex e-con-boxed e-con e-parent\" data-id=\"6831394\" data-element_type=\"container\" data-e-type=\"container\" data-settings=\"{&quot;background_background&quot;:&quot;classic&quot;}\">\n\t\t\t\t\t<div class=\"e-con-inner\">\n\t\t<div class=\"elementor-element elementor-element-162572e e-con-full e-flex e-con e-child\" data-id=\"162572e\" data-element_type=\"container\" data-e-type=\"container\">\n\t\t\t\t<div class=\"elementor-element elementor-element-a327c5e elementor-widget elementor-widget-heading\" data-id=\"a327c5e\" data-element_type=\"widget\" data-e-type=\"widget\" data-widget_type=\"heading.default\">\n\t\t\t\t\t<h2 class=\"elementor-heading-title elementor-size-default\">CLOSE PROTECTION TRAINING<\/h2>\t\t\t\t<\/div>\n\t\t\t\t<\/div>\n\t\t<div class=\"elementor-element elementor-element-292cb69 e-con-full e-flex e-con e-child\" data-id=\"292cb69\" data-element_type=\"container\" data-e-type=\"container\" data-settings=\"{&quot;background_background&quot;:&quot;classic&quot;}\">\n\t\t\t\t<div class=\"elementor-element elementor-element-7d589d4 elementor-arrows-position-inside elementor-widget elementor-widget-image-carousel\" data-id=\"7d589d4\" data-element_type=\"widget\" data-e-type=\"widget\" data-settings=\"{&quot;slides_to_show&quot;:&quot;1&quot;,&quot;navigation&quot;:&quot;arrows&quot;,&quot;autoplay&quot;:&quot;yes&quot;,&quot;pause_on_hover&quot;:&quot;yes&quot;,&quot;pause_on_interaction&quot;:&quot;yes&quot;,&quot;autoplay_speed&quot;:5000,&quot;infinite&quot;:&quot;yes&quot;,&quot;effect&quot;:&quot;slide&quot;,&quot;speed&quot;:500}\" data-widget_type=\"image-carousel.default\">\n\t\t\t\t\t\t\t<div class=\"elementor-image-carousel-wrapper swiper\" role=\"region\" aria-roledescription=\"carousel\" aria-label=\"Resim D\u00f6ng\u00fcs\u00fc\" dir=\"ltr\">\n\t\t\t<div class=\"elementor-image-carousel swiper-wrapper\" aria-live=\"off\">\n\t\t\t\t\t\t\t\t<div class=\"swiper-slide\" role=\"group\" aria-roledescription=\"slide\" aria-label=\"1 of 4\" data-no-translation-aria-label=\"\"><figure class=\"swiper-slide-inner\"><img decoding=\"async\" class=\"swiper-slide-image\" src=\"https:\/\/uyksef.org.tr\/wp-content\/uploads\/2026\/04\/Yakin-Koruma-Egitimi-01.jpg\" alt=\"Yak\u0131n Koruma E\u011fitimi-01\" \/><\/figure><\/div><div class=\"swiper-slide\" role=\"group\" aria-roledescription=\"slide\" aria-label=\"2 of 4\" data-no-translation-aria-label=\"\"><figure class=\"swiper-slide-inner\"><img decoding=\"async\" class=\"swiper-slide-image\" src=\"https:\/\/uyksef.org.tr\/wp-content\/uploads\/2026\/04\/Yakin-Koruma-Egitimi-02.jpg\" alt=\"Yak\u0131n Koruma E\u011fitimi-02\" \/><\/figure><\/div><div class=\"swiper-slide\" role=\"group\" aria-roledescription=\"slide\" aria-label=\"3 of 4\" data-no-translation-aria-label=\"\"><figure class=\"swiper-slide-inner\"><img decoding=\"async\" class=\"swiper-slide-image\" src=\"https:\/\/uyksef.org.tr\/wp-content\/uploads\/2026\/04\/Yakin-Koruma-Egitimi-04.jpg\" alt=\"Yak\u0131n Koruma E\u011fitimi-04\" \/><\/figure><\/div><div class=\"swiper-slide\" role=\"group\" aria-roledescription=\"slide\" aria-label=\"4 of 4\" data-no-translation-aria-label=\"\"><figure class=\"swiper-slide-inner\"><img decoding=\"async\" class=\"swiper-slide-image\" src=\"https:\/\/uyksef.org.tr\/wp-content\/uploads\/2026\/04\/Yakin-Koruma-Egitimi-03.jpg\" alt=\"Yak\u0131n Koruma E\u011fitimi-03\" \/><\/figure><\/div>\t\t\t<\/div>\n\t\t\t\t\t\t\t\t\t\t\t\t<div class=\"elementor-swiper-button elementor-swiper-button-prev\" role=\"button\" tabindex=\"0\">\n\t\t\t\t\t\t<svg aria-hidden=\"true\" class=\"e-font-icon-svg e-eicon-chevron-left\" viewbox=\"0 0 1000 1000\" xmlns=\"http:\/\/www.w3.org\/2000\/svg\"><path d=\"M646 125C629 125 613 133 604 142L308 442C296 454 292 471 292 487 292 504 296 521 308 533L604 854C617 867 629 875 646 875 663 875 679 871 692 858 704 846 713 829 713 812 713 796 708 779 692 767L438 487 692 225C700 217 708 204 708 187 708 171 704 154 692 142 675 129 663 125 646 125Z\"><\/path><\/svg>\t\t\t\t\t<\/div>\n\t\t\t\t\t<div class=\"elementor-swiper-button elementor-swiper-button-next\" role=\"button\" tabindex=\"0\">\n\t\t\t\t\t\t<svg aria-hidden=\"true\" class=\"e-font-icon-svg e-eicon-chevron-right\" viewbox=\"0 0 1000 1000\" xmlns=\"http:\/\/www.w3.org\/2000\/svg\"><path d=\"M696 533C708 521 713 504 713 487 713 471 708 454 696 446L400 146C388 133 375 125 354 125 338 125 325 129 313 142 300 154 292 171 292 187 292 204 296 221 308 233L563 492 304 771C292 783 288 800 288 817 288 833 296 850 308 863 321 871 338 875 354 875 371 875 388 867 400 854L696 533Z\"><\/path><\/svg>\t\t\t\t\t<\/div>\n\t\t\t\t\n\t\t\t\t\t\t\t\t\t<\/div>\n\t\t\t\t\t\t<\/div>\n\t\t\t\t<\/div>\n\t\t<div class=\"elementor-element elementor-element-25f87c3 e-con-full e-flex e-con e-child\" data-id=\"25f87c3\" data-element_type=\"container\" data-e-type=\"container\" data-settings=\"{&quot;background_background&quot;:&quot;classic&quot;}\">\n\t\t\t\t<div class=\"elementor-element elementor-element-4972dab elementor-widget elementor-widget-text-editor\" data-id=\"4972dab\" data-element_type=\"widget\" data-e-type=\"widget\" data-widget_type=\"text-editor.default\">\n\t\t\t\t\t\t\t\t\t<p><span style=\"color: #c9a646;\"><strong>Course Duration:\u00a0<\/strong><\/span>Total 64 Hours \u2013 8 Days \/ 11\u201312 Hours per Day<\/p><p><span style=\"color: #c9a646;\"><strong>Tuition fees do not include food and drinks.<\/strong>\u00a0<br \/><\/span>Food and drink needs will be determined at the camp in coordination with the instructors. The cost is paid by the participant at the time of camp. Contact us for detailed information.<\/p><p><strong><span style=\"color: #c9a646;\">ACCOMMODATION IS INCLUDED!<\/span><br \/><\/strong>Capacity: 16 people.<\/p><ul><li>The course is held on the 21st and 29th of each month.<\/li><li>The course is not held for 2 months each year.<\/li><\/ul><p><span style=\"color: #c9a646;\"><strong>Ammunition is not included in the course fee. Trainees are required to make an additional payment at the shooting range.<\/strong><\/span><\/p><p><strong>\u00a0<\/strong>Training camps are held at our Federation's headquarters in Izmir.<\/p>\t\t\t\t\t\t\t\t<\/div>\n\t\t\t\t<\/div>\n\t\t<div class=\"elementor-element elementor-element-9adfa3d e-con-full e-flex e-con e-child\" data-id=\"9adfa3d\" data-element_type=\"container\" data-e-type=\"container\" data-settings=\"{&quot;background_background&quot;:&quot;classic&quot;}\">\n\t\t<div class=\"elementor-element elementor-element-46d53d9 e-con-full e-flex e-con e-child\" data-id=\"46d53d9\" data-element_type=\"container\" data-e-type=\"container\" data-settings=\"{&quot;background_background&quot;:&quot;classic&quot;}\">\n\t\t\t\t<div class=\"elementor-element elementor-element-2d9e6fa elementor-widget elementor-widget-heading\" data-id=\"2d9e6fa\" data-element_type=\"widget\" data-e-type=\"widget\" data-widget_type=\"heading.default\">\n\t\t\t\t\t<h2 class=\"elementor-heading-title elementor-size-default\">Required Equipment:<\/h2>\t\t\t\t<\/div>\n\t\t\t\t<div class=\"elementor-element elementor-element-81f7381 elementor-widget elementor-widget-text-editor\" data-id=\"81f7381\" data-element_type=\"widget\" data-e-type=\"widget\" data-widget_type=\"text-editor.default\">\n\t\t\t\t\t\t\t\t\t<ul><li>Tactical T-shirts (Minimum 2 pieces)<\/li><li>Tactical Belt<\/li><li>Tactical Shirt (shirt is not mandatory)<\/li><li>Magazine Pouch<\/li><li>Holster<\/li><\/ul><p><span style=\"color: #c9a646;\"><strong>You purchase the products listed above from us.<\/strong><\/span><\/p><ul><li>Tactical Pants<\/li><li>Tactical Boots or Terrain-Appropriate Sports Shoes<\/li><\/ul><p>You can purchase this equipment from our Federation. However, you need to inquire during registration. You may not be able to obtain some items on the day of training, so you should order them at least one month in advance.<\/p>\t\t\t\t\t\t\t\t<\/div>\n\t\t\t\t<\/div>\n\t\t<div class=\"elementor-element elementor-element-0388b33 e-con-full e-flex e-con e-child\" data-id=\"0388b33\" data-element_type=\"container\" data-e-type=\"container\" data-settings=\"{&quot;background_background&quot;:&quot;classic&quot;}\">\n\t\t\t\t<div class=\"elementor-element elementor-element-ad420fb elementor-widget elementor-widget-heading\" data-id=\"ad420fb\" data-element_type=\"widget\" data-e-type=\"widget\" data-widget_type=\"heading.default\">\n\t\t\t\t\t<h2 class=\"elementor-heading-title elementor-size-default\">Training Participation Requirements:<\/h2>\t\t\t\t<\/div>\n\t\t\t\t<div class=\"elementor-element elementor-element-975d4b7 elementor-widget elementor-widget-text-editor\" data-id=\"975d4b7\" data-element_type=\"widget\" data-e-type=\"widget\" data-widget_type=\"text-editor.default\">\n\t\t\t\t\t\t\t\t\t<ol><li>Must be at least 18 years old<\/li><li>Must have a clean criminal record<\/li><li>Must have no mental, psychological, or physical disabilities (severe myopia and complete hearing loss in both ears are disqualifying conditions for participation in this training)<\/li><li>Turkish citizenship is NOT required. Individuals of all nationalities may participate in the training, provided they meet the above requirements.<\/li><li>A medical certificate stating \u2018fit for sports\u2019 from a health center.<\/li><\/ol>\t\t\t\t\t\t\t\t<\/div>\n\t\t\t\t<\/div>\n\t\t\t\t<\/div>\n\t\t<div class=\"elementor-element elementor-element-cff29aa e-con-full e-flex e-con e-child\" data-id=\"cff29aa\" data-element_type=\"container\" data-e-type=\"container\" data-settings=\"{&quot;background_background&quot;:&quot;classic&quot;}\">\n\t\t<div class=\"elementor-element elementor-element-0d8de65 e-con-full e-flex e-con e-child\" data-id=\"0d8de65\" data-element_type=\"container\" data-e-type=\"container\" data-settings=\"{&quot;background_background&quot;:&quot;classic&quot;}\">\n\t\t\t\t<div class=\"elementor-element elementor-element-3606984 elementor-widget elementor-widget-heading\" data-id=\"3606984\" data-element_type=\"widget\" data-e-type=\"widget\" data-widget_type=\"heading.default\">\n\t\t\t\t\t<h2 class=\"elementor-heading-title elementor-size-default\">Training Content:<\/h2>\t\t\t\t<\/div>\n\t\t\t\t<div class=\"elementor-element elementor-element-5db3d66 elementor-hidden-desktop elementor-hidden-tablet elementor-widget elementor-widget-text-editor\" data-id=\"5db3d66\" data-element_type=\"widget\" data-e-type=\"widget\" data-widget_type=\"text-editor.default\">\n\t\t\t\t\t\t\t\t\t<p>You can scroll left and right to view the table.<\/p>\t\t\t\t\t\t\t\t<\/div>\n\t\t\t\t<div class=\"elementor-element elementor-element-2d33360 elementor-widget elementor-widget-shortcode\" data-id=\"2d33360\" data-element_type=\"widget\" data-e-type=\"widget\" data-widget_type=\"shortcode.default\">\n\t\t\t\t\t\t\t<div class=\"elementor-shortcode\">\n<table id=\"tablepress-2\" class=\"tablepress tablepress-id-2\">\n<thead>\n<tr class=\"row-1\">\n\t<th class=\"column-1\">DAY<\/th><th class=\"column-2\">SCOPE OF THE COURSE<\/th><th class=\"column-3\">DURATION<\/th>\n<\/tr>\n<\/thead>\n<tbody>\n<tr class=\"row-2\">\n\t<td class=\"column-1\">DAY 1<\/td><td class=\"column-2\">Protection Definitions, Personnel Qualifications, Psychological Training &amp; Protocol Rules, SMK Self-Defense<\/td><td class=\"column-3\">10 Hours<\/td>\n<\/tr>\n<tr class=\"row-3\">\n\t<td class=\"column-1\">DAY 2<\/td><td class=\"column-2\">Threat Analysis, Assassin Tactics, Foot Protection &amp; Countering Attacks, SMK Self-Defense, Basic Firearms Training, Vehicle Protection<\/td><td class=\"column-3\">10 Hours<\/td>\n<\/tr>\n<tr class=\"row-4\">\n\t<td class=\"column-1\">DAY 3<\/td><td class=\"column-2\">Traps, Search Techniques, Identification &amp; Recognition, Advance Team Operations, SMK Self-Defense, Basic &amp; Intermediate Firearms Training, Vehicle Protection, VIP Kidnapping Techniques<\/td><td class=\"column-3\">10 Hours<\/td>\n<\/tr>\n<tr class=\"row-5\">\n\t<td class=\"column-1\">DAY 4<\/td><td class=\"column-2\">Vehicle Protection Formations, Residence\/Office Protection &amp; Reconnaissance\/Planning Preparation, SMK Self-Defense, Basic &amp; Intermediate Firearms Training, VIP Kidnapping Techniques<\/td><td class=\"column-3\">10 Hours<\/td>\n<\/tr>\n<tr class=\"row-6\">\n\t<td class=\"column-1\">DAY 5<\/td><td class=\"column-2\">Intervention Techniques (Knife\/Weapon Disarmament), Personal Protection, SMK Self-Defense, Intermediate &amp; Advanced Firearms Training, Team-Based Defense Against Attacks (use of cover)<\/td><td class=\"column-3\">10 Hours<\/td>\n<\/tr>\n<tr class=\"row-7\">\n\t<td class=\"column-1\">DAY 6<\/td><td class=\"column-2\">Advanced protection training based on both vehicle and non-vehicle scenarios.<\/td><td class=\"column-3\">10 Hours<\/td>\n<\/tr>\n<tr class=\"row-8\">\n\t<td class=\"column-1\">DAY 7<\/td><td class=\"column-2\">Comprehensive Protection Exercises<\/td><td class=\"column-3\">10 Hours<\/td>\n<\/tr>\n<tr class=\"row-9\">\n\t<td class=\"column-1\">DAY 8<\/td><td class=\"column-2\">Live Fire at the Shooting Range, Final Examination &amp; Certification<\/td><td class=\"column-3\">10 Hours<\/td>\n<\/tr>\n<\/tbody>\n<\/table>\n<!-- #tablepress-2 from cache --><\/div>\n\t\t\t\t\t\t<\/div>\n\t\t\t\t<\/div>\n\t\t\t\t<\/div>\n\t\t\t\t\t<\/div>\n\t\t\t\t<\/div>\n\t\t\t\t<\/div>","protected":false},"excerpt":{"rendered":"<p>YAKIN KORUMA E\u011e\u0130T\u0130M\u0130 Kurs S\u00fcresi:\u00a0Toplam 64 Saat \u2013 8 G\u00fcn\/ G\u00fcnde 11-12 saat E\u011fitim \u00fccretine Yeme \u2013 \u0130\u00e7me D\u00e2hil de\u011fildir.\u00a0Kamp yerinde e\u011fitmenlerin koordinasyonu ile yeme i\u00e7me ihtiya\u00e7lar\u0131n\u0131z belirlenir. \u00dccreti o an kursiyer taraf\u0131ndan \u00f6denir. Detayl\u0131 bilgi i\u00e7in ileti\u015fime ge\u00e7in. KONAKLAMA DAH\u0130LD\u0130R!Kontenjan: 16 ki\u015fidir. Her ay\u0131n 21\/29\u2019 da kurs yap\u0131lmaktad\u0131r. Y\u0131lda 2 ay yap\u0131lmamaktad\u0131r! Mermiler Kurs&#8230;<\/p>","protected":false},"author":1,"featured_media":0,"parent":0,"menu_order":0,"comment_status":"closed","ping_status":"closed","template":"","meta":{"_acf_changed":false,"_kadence_starter_templates_imported_post":false,"_kad_post_transparent":"default","_kad_post_title":"hide","_kad_post_layout":"fullwidth","_kad_post_sidebar_id":"","_kad_post_content_style":"unboxed","_kad_post_vertical_padding":"hide","_kad_post_feature":"hide","_kad_post_feature_position":"","_kad_post_header":false,"_kad_post_footer":false,"_kad_post_classname":"","footnotes":""},"class_list":["post-606","page","type-page","status-publish","hentry"],"acf":[],"_links":{"self":[{"href":"https:\/\/uyksef.org.tr\/en\/wp-json\/wp\/v2\/pages\/606","targetHints":{"allow":["GET"]}}],"collection":[{"href":"https:\/\/uyksef.org.tr\/en\/wp-json\/wp\/v2\/pages"}],"about":[{"href":"https:\/\/uyksef.org.tr\/en\/wp-json\/wp\/v2\/types\/page"}],"author":[{"embeddable":true,"href":"https:\/\/uyksef.org.tr\/en\/wp-json\/wp\/v2\/users\/1"}],"replies":[{"embeddable":true,"href":"https:\/\/uyksef.org.tr\/en\/wp-json\/wp\/v2\/comments?post=606"}],"version-history":[{"count":16,"href":"https:\/\/uyksef.org.tr\/en\/wp-json\/wp\/v2\/pages\/606\/revisions"}],"predecessor-version":[{"id":1035,"href":"https:\/\/uyksef.org.tr\/en\/wp-json\/wp\/v2\/pages\/606\/revisions\/1035"}],"wp:attachment":[{"href":"https:\/\/uyksef.org.tr\/en\/wp-json\/wp\/v2\/media?parent=606"}],"curies":[{"name":"wp","href":"https:\/\/api.w.org\/{rel}","templated":true}]}}