{"id":529,"date":"2026-03-25T15:52:48","date_gmt":"2026-03-25T12:52:48","guid":{"rendered":"https:\/\/uyksef.org.tr\/new\/?page_id=529"},"modified":"2026-04-13T14:16:13","modified_gmt":"2026-04-13T11:16:13","slug":"kurumsal-islemler","status":"publish","type":"page","link":"https:\/\/uyksef.org.tr\/en\/kurumsal-islemler\/","title":{"rendered":"Corporate Transactions"},"content":{"rendered":"<div data-elementor-type=\"wp-page\" data-elementor-id=\"529\" class=\"elementor elementor-529\">\n\t\t\t\t<div class=\"elementor-element elementor-element-6831394 e-flex e-con-boxed e-con e-parent\" data-id=\"6831394\" data-element_type=\"container\" data-e-type=\"container\" data-settings=\"{&quot;background_background&quot;:&quot;classic&quot;}\">\n\t\t\t\t\t<div class=\"e-con-inner\">\n\t\t<div class=\"elementor-element elementor-element-162572e e-con-full e-flex e-con e-child\" data-id=\"162572e\" data-element_type=\"container\" data-e-type=\"container\">\n\t\t\t\t<div class=\"elementor-element elementor-element-a327c5e elementor-widget elementor-widget-heading\" data-id=\"a327c5e\" data-element_type=\"widget\" data-e-type=\"widget\" data-widget_type=\"heading.default\">\n\t\t\t\t\t<h2 class=\"elementor-heading-title elementor-size-default\">CORPORATE TRANSACTIONS<\/h2>\t\t\t\t<\/div>\n\t\t\t\t<\/div>\n\t\t<div class=\"elementor-element elementor-element-292cb69 e-con-full e-flex e-con e-child\" data-id=\"292cb69\" data-element_type=\"container\" data-e-type=\"container\" data-settings=\"{&quot;background_background&quot;:&quot;classic&quot;}\">\n\t\t\t\t<div class=\"elementor-element elementor-element-2259ee1 elementor-widget elementor-widget-image\" data-id=\"2259ee1\" data-element_type=\"widget\" data-e-type=\"widget\" data-widget_type=\"image.default\">\n\t\t\t\t\t\t\t\t\t\t\t\t\t\t\t<img fetchpriority=\"high\" decoding=\"async\" width=\"1024\" height=\"559\" src=\"https:\/\/uyksef.org.tr\/wp-content\/uploads\/2026\/04\/KURUMSAL-ISLEMLER-01-1024x559.png\" class=\"attachment-large size-large wp-image-797\" alt=\"\" srcset=\"https:\/\/uyksef.org.tr\/wp-content\/uploads\/2026\/04\/KURUMSAL-ISLEMLER-01-1024x559.png 1024w, https:\/\/uyksef.org.tr\/wp-content\/uploads\/2026\/04\/KURUMSAL-ISLEMLER-01-300x164.png 300w, https:\/\/uyksef.org.tr\/wp-content\/uploads\/2026\/04\/KURUMSAL-ISLEMLER-01-768x419.png 768w, https:\/\/uyksef.org.tr\/wp-content\/uploads\/2026\/04\/KURUMSAL-ISLEMLER-01-18x10.png 18w, https:\/\/uyksef.org.tr\/wp-content\/uploads\/2026\/04\/KURUMSAL-ISLEMLER-01.png 1375w\" sizes=\"(max-width: 1024px) 100vw, 1024px\" \/>\t\t\t\t\t\t\t\t\t\t\t\t\t\t\t<\/div>\n\t\t\t\t<\/div>\n\t\t<div class=\"elementor-element elementor-element-f4c3cfe e-con-full e-flex e-con e-child\" data-id=\"f4c3cfe\" data-element_type=\"container\" data-e-type=\"container\" data-settings=\"{&quot;background_background&quot;:&quot;classic&quot;}\">\n\t\t\t\t<div class=\"elementor-element elementor-element-617a72e elementor-widget elementor-widget-text-editor\" data-id=\"617a72e\" data-element_type=\"widget\" data-e-type=\"widget\" data-widget_type=\"text-editor.default\">\n\t\t\t\t\t\t\t\t\t<p class=\"translation-block\">As UYKSEF, we manage strategic collaborations, group training requests, and operational consulting processes needed by our corporate partners and government institutions with high standards of confidentiality and professionalism.<br>You can submit your corporate requests or carry out transactions related to your ongoing projects through the panel below.<\/p>\t\t\t\t\t\t\t\t<\/div>\n\t\t\t\t<\/div>\n\t\t\t\t\t<\/div>\n\t\t\t\t<\/div>\n\t\t<div class=\"elementor-element elementor-element-d84204a e-flex e-con-boxed e-con e-parent\" data-id=\"d84204a\" data-element_type=\"container\" data-e-type=\"container\" data-settings=\"{&quot;background_background&quot;:&quot;classic&quot;}\">\n\t\t\t\t\t<div class=\"e-con-inner\">\n\t\t<div class=\"elementor-element elementor-element-81a4186 e-con-full e-flex e-con e-child\" data-id=\"81a4186\" data-element_type=\"container\" data-e-type=\"container\" data-settings=\"{&quot;background_background&quot;:&quot;classic&quot;}\">\n\t\t\t\t<div class=\"elementor-element elementor-element-98cd04c elementor-widget__width-inherit elementor-widget elementor-widget-shortcode\" data-id=\"98cd04c\" data-element_type=\"widget\" data-e-type=\"widget\" data-widget_type=\"shortcode.default\">\n\t\t\t\t\t\t\t<div class=\"elementor-shortcode\">\n<div class=\"wpcf7 no-js\" id=\"wpcf7-f5-o1\" lang=\"tr-TR\" dir=\"ltr\" data-wpcf7-id=\"5\">\n<div class=\"screen-reader-response\"><p role=\"status\" aria-live=\"polite\" aria-atomic=\"true\"><\/p> <ul><\/ul><\/div>\n<form action=\"\/en\/wp-json\/wp\/v2\/pages\/529#wpcf7-f5-o1\" method=\"post\" class=\"wpcf7-form init\" aria-label=\"\u0130leti\u015fim Formu\" novalidate=\"novalidate\" data-status=\"init\" data-trp-original-action=\"\/en\/wp-json\/wp\/v2\/pages\/529#wpcf7-f5-o1\">\n<fieldset class=\"hidden-fields-container\"><input type=\"hidden\" name=\"_wpcf7\" value=\"5\" \/><input type=\"hidden\" name=\"_wpcf7_version\" value=\"6.1.5\" \/><input type=\"hidden\" name=\"_wpcf7_locale\" value=\"tr_TR\" \/><input type=\"hidden\" name=\"_wpcf7_unit_tag\" value=\"wpcf7-f5-o1\" \/><input type=\"hidden\" name=\"_wpcf7_container_post\" value=\"0\" \/><input type=\"hidden\" name=\"_wpcf7_posted_data_hash\" value=\"\" \/>\n<\/fieldset>\n<div class=\"kurumsal-panel\">\n\t<div class=\"panel-baslik\">\n\t\t<p>Create a new Corporate Request\n\t\t<\/p>\n\t<\/div>\n\t<div class=\"panel-form\">\n\t\t<div class=\"form-row\">\n\t\t\t<p><label>Institution Name:<\/label>\n\t\t\t<\/p>\n\t\t\t<div>\n\t\t\t\t<p><span class=\"wpcf7-form-control-wrap\" data-name=\"kurum-adi\"><input size=\"40\" maxlength=\"400\" class=\"wpcf7-form-control wpcf7-text wpcf7-validates-as-required\" aria-required=\"true\" aria-invalid=\"false\" value=\"\" type=\"text\" name=\"kurum-adi\" \/><\/span>\n\t\t\t\t<\/p>\n\t\t\t<\/div>\n\t\t<\/div>\n\t\t<div class=\"form-row\">\n\t\t\t<p><label>Authorized Person Name:<\/label>\n\t\t\t<\/p>\n\t\t\t<div>\n\t\t\t\t<p><span class=\"wpcf7-form-control-wrap\" data-name=\"yetkili-adi\"><input size=\"40\" maxlength=\"400\" class=\"wpcf7-form-control wpcf7-text wpcf7-validates-as-required\" aria-required=\"true\" aria-invalid=\"false\" value=\"\" type=\"text\" name=\"yetkili-adi\" \/><\/span>\n\t\t\t\t<\/p>\n\t\t\t<\/div>\n\t\t<\/div>\n\t\t<div class=\"form-row\">\n\t\t\t<p><label>Contact Phone:<\/label>\n\t\t\t<\/p>\n\t\t\t<div>\n\t\t\t\t<p><span class=\"wpcf7-form-control-wrap\" data-name=\"iletisim-tel\"><input size=\"40\" maxlength=\"400\" class=\"wpcf7-form-control wpcf7-tel wpcf7-validates-as-required wpcf7-text wpcf7-validates-as-tel\" aria-required=\"true\" aria-invalid=\"false\" value=\"\" type=\"tel\" name=\"iletisim-tel\" \/><\/span>\n\t\t\t\t<\/p>\n\t\t\t<\/div>\n\t\t<\/div>\n\t\t<div class=\"form-submit\">\n\t\t\t<p><input class=\"wpcf7-form-control wpcf7-submit has-spinner\" type=\"submit\" value=\"CREATE A NEW REQUEST\" \/>\n\t\t\t<\/p>\n\t\t<\/div>\n\t<\/div>\n<\/div><div class=\"wpcf7-response-output\" aria-hidden=\"true\"><\/div>\n<input type=\"hidden\" name=\"trp-form-language\" value=\"en\"\/><\/form>\n<\/div>\n<\/div>\n\t\t\t\t\t\t<\/div>\n\t\t\t\t<\/div>\n\t\t\t\t\t<\/div>\n\t\t\t\t<\/div>\n\t\t<div class=\"elementor-element elementor-element-bc70482 e-flex e-con-boxed e-con e-parent\" data-id=\"bc70482\" data-element_type=\"container\" data-e-type=\"container\" data-settings=\"{&quot;background_background&quot;:&quot;classic&quot;}\">\n\t\t\t\t\t<div class=\"e-con-inner\">\n\t\t<div class=\"elementor-element elementor-element-1cbbd27 e-con-full e-flex e-con e-child\" data-id=\"1cbbd27\" data-element_type=\"container\" data-e-type=\"container\" data-settings=\"{&quot;background_background&quot;:&quot;classic&quot;}\">\n\t\t<div class=\"elementor-element elementor-element-ee9f1f2 e-con-full e-flex e-con e-child\" data-id=\"ee9f1f2\" data-element_type=\"container\" data-e-type=\"container\">\n\t\t\t\t<div class=\"elementor-element elementor-element-69c18d8 elementor-widget elementor-widget-heading\" data-id=\"69c18d8\" data-element_type=\"widget\" data-e-type=\"widget\" data-widget_type=\"heading.default\">\n\t\t\t\t\t<h2 class=\"elementor-heading-title elementor-size-default\">CORPORATE TRANSACTIONS AND SERVICES WE PROVIDE<\/h2>\t\t\t\t<\/div>\n\t\t\t\t<\/div>\n\t\t<div class=\"elementor-element elementor-element-6e73b5d e-con-full e-flex e-con e-child\" data-id=\"6e73b5d\" data-element_type=\"container\" data-e-type=\"container\">\n\t\t<div class=\"elementor-element elementor-element-a53c2a1 e-con-full e-flex e-con e-child\" data-id=\"a53c2a1\" data-element_type=\"container\" data-e-type=\"container\" data-settings=\"{&quot;background_background&quot;:&quot;classic&quot;}\">\n\t\t\t\t<div class=\"elementor-element elementor-element-e028dae elementor-widget elementor-widget-heading\" data-id=\"e028dae\" data-element_type=\"widget\" data-e-type=\"widget\" data-widget_type=\"heading.default\">\n\t\t\t\t\t<h2 class=\"elementor-heading-title elementor-size-default\">Requests for Group Training and Specialization Programs:<\/h2>\t\t\t\t<\/div>\n\t\t\t\t<div class=\"elementor-element elementor-element-4a842c5 elementor-widget elementor-widget-text-editor\" data-id=\"4a842c5\" data-element_type=\"widget\" data-e-type=\"widget\" data-widget_type=\"text-editor.default\">\n\t\t\t\t\t\t\t\t\t<ul><li>Planning group training sessions on \"protocol, area security, and awareness\" for personnel of public institutions or private security companies.<\/li><li>Organizing SMK Self-Defense training programs for institutional staff, either on-site or at UYKSEF facilities.<\/li><li>Collective monitoring and verification of corporate certification processes.<\/li><\/ul>\t\t\t\t\t\t\t\t<\/div>\n\t\t\t\t<\/div>\n\t\t<div class=\"elementor-element elementor-element-1023e0a e-con-full e-flex e-con e-child\" data-id=\"1023e0a\" data-element_type=\"container\" data-e-type=\"container\" data-settings=\"{&quot;background_background&quot;:&quot;classic&quot;}\">\n\t\t\t\t<div class=\"elementor-element elementor-element-afe74a1 elementor-widget elementor-widget-heading\" data-id=\"afe74a1\" data-element_type=\"widget\" data-e-type=\"widget\" data-widget_type=\"heading.default\">\n\t\t\t\t\t<h2 class=\"elementor-heading-title elementor-size-default\">Strategic Security Consulting:<\/h2>\t\t\t\t<\/div>\n\t\t\t\t<div class=\"elementor-element elementor-element-4f5c2d6 elementor-widget elementor-widget-text-editor\" data-id=\"4f5c2d6\" data-element_type=\"widget\" data-e-type=\"widget\" data-widget_type=\"text-editor.default\">\n\t\t\t\t\t\t\t\t\t<ul><li>Comprehensive \"Risk Analysis\" and vulnerability identification studies for critical facilities, institutions, or high-risk projects.<\/li><li>Establishing corporate security policies and auditing existing systems according to UYKSEF standards.<\/li><li>Preparation of crisis management scenarios and simulation training.<\/li><\/ul>\t\t\t\t\t\t\t\t<\/div>\n\t\t\t\t<\/div>\n\t\t\t\t<\/div>\n\t\t<div class=\"elementor-element elementor-element-3730914 e-con-full e-flex e-con e-child\" data-id=\"3730914\" data-element_type=\"container\" data-e-type=\"container\">\n\t\t<div class=\"elementor-element elementor-element-f5c5af1 e-con-full e-flex e-con e-child\" data-id=\"f5c5af1\" data-element_type=\"container\" data-e-type=\"container\" data-settings=\"{&quot;background_background&quot;:&quot;classic&quot;}\">\n\t\t\t\t<div class=\"elementor-element elementor-element-a901edd elementor-widget elementor-widget-heading\" data-id=\"a901edd\" data-element_type=\"widget\" data-e-type=\"widget\" data-widget_type=\"heading.default\">\n\t\t\t\t\t<h2 class=\"elementor-heading-title elementor-size-default\">Project Partnership and Representation Applications:<\/h2>\t\t\t\t<\/div>\n\t\t\t\t<div class=\"elementor-element elementor-element-0ce2f0b elementor-widget elementor-widget-text-editor\" data-id=\"0ce2f0b\" data-element_type=\"widget\" data-e-type=\"widget\" data-widget_type=\"text-editor.default\">\n\t\t\t\t\t\t\t\t\t<ul><li>Applications for corporate participation in defense technology projects developed under the umbrella of SMK Academy or SMK Group.<\/li><li>Applications are being accepted from organizations with a vision to represent the Turkish flag on the international stage, to become UYKSEF regional or country representatives.<\/li><li>Requests for collaboration on R&amp;D projects in modular systems and innovative defense equipment.<\/li><\/ul>\t\t\t\t\t\t\t\t<\/div>\n\t\t\t\t<\/div>\n\t\t<div class=\"elementor-element elementor-element-cc66fd6 e-con-full e-flex e-con e-child\" data-id=\"cc66fd6\" data-element_type=\"container\" data-e-type=\"container\" data-settings=\"{&quot;background_background&quot;:&quot;classic&quot;}\">\n\t\t\t\t<div class=\"elementor-element elementor-element-53ff43c elementor-widget elementor-widget-heading\" data-id=\"53ff43c\" data-element_type=\"widget\" data-e-type=\"widget\" data-widget_type=\"heading.default\">\n\t\t\t\t\t<h2 class=\"elementor-heading-title elementor-size-default\">Corporate Document and Regulatory Support:<\/h2>\t\t\t\t<\/div>\n\t\t\t\t<div class=\"elementor-element elementor-element-4c83208 elementor-widget elementor-widget-text-editor\" data-id=\"4c83208\" data-element_type=\"widget\" data-e-type=\"widget\" data-widget_type=\"text-editor.default\">\n\t\t\t\t\t\t\t\t\t<ul><li>Providing legal consultancy on the compliance processes of close protection personnel who will serve within the institution with legal regulations (Turkish Penal Code Self-Defense, etc.) and UYKSEF standards.<\/li><li>Official provision of bulk certificate verification and personnel accreditation reports.<\/li><\/ul>\t\t\t\t\t\t\t\t<\/div>\n\t\t\t\t<\/div>\n\t\t\t\t<\/div>\n\t\t\t\t<\/div>\n\t\t\t\t\t<\/div>\n\t\t\t\t<\/div>\n\t\t<div class=\"elementor-element elementor-element-c3bb02c e-flex e-con-boxed e-con e-parent\" data-id=\"c3bb02c\" data-element_type=\"container\" data-e-type=\"container\" data-settings=\"{&quot;background_background&quot;:&quot;classic&quot;}\">\n\t\t\t\t\t<div class=\"e-con-inner\">\n\t\t<div class=\"elementor-element elementor-element-8bc88a6 e-con-full e-flex e-con e-child\" data-id=\"8bc88a6\" data-element_type=\"container\" data-e-type=\"container\" data-settings=\"{&quot;background_background&quot;:&quot;classic&quot;}\">\n\t\t<div class=\"elementor-element elementor-element-a2e71a3 e-con-full e-flex e-con e-child\" data-id=\"a2e71a3\" data-element_type=\"container\" data-e-type=\"container\">\n\t\t\t\t<div class=\"elementor-element elementor-element-56ef1b7 elementor-widget elementor-widget-heading\" data-id=\"56ef1b7\" data-element_type=\"widget\" data-e-type=\"widget\" data-widget_type=\"heading.default\">\n\t\t\t\t\t<h2 class=\"elementor-heading-title elementor-size-default\">CORPORATE PRIVACY AND DATA SECURITY PROTOCOL<\/h2>\t\t\t\t<\/div>\n\t\t\t\t<\/div>\n\t\t<div class=\"elementor-element elementor-element-52c72d3 e-con-full e-flex e-con e-child\" data-id=\"52c72d3\" data-element_type=\"container\" data-e-type=\"container\">\n\t\t<div class=\"elementor-element elementor-element-a7126b5 e-con-full e-flex e-con e-child\" data-id=\"a7126b5\" data-element_type=\"container\" data-e-type=\"container\" data-settings=\"{&quot;background_background&quot;:&quot;classic&quot;}\">\n\t\t\t\t<div class=\"elementor-element elementor-element-3ea91b4 elementor-widget elementor-widget-heading\" data-id=\"3ea91b4\" data-element_type=\"widget\" data-e-type=\"widget\" data-widget_type=\"heading.default\">\n\t\t\t\t\t<h2 class=\"elementor-heading-title elementor-size-default\">Maximum Privacy<\/h2>\t\t\t\t<\/div>\n\t\t\t\t<div class=\"elementor-element elementor-element-3950c2c elementor-widget elementor-widget-text-editor\" data-id=\"3950c2c\" data-element_type=\"widget\" data-e-type=\"widget\" data-widget_type=\"text-editor.default\">\n\t\t\t\t\t\t\t\t\t<p>All requests, projects, and personnel data submitted through the corporate operations page are protected under our Federation's \"Absolute Confidentiality\" protocol. Project details will absolutely not be shared with third parties.<\/p>\t\t\t\t\t\t\t\t<\/div>\n\t\t\t\t<\/div>\n\t\t<div class=\"elementor-element elementor-element-419c309 e-con-full e-flex e-con e-child\" data-id=\"419c309\" data-element_type=\"container\" data-e-type=\"container\" data-settings=\"{&quot;background_background&quot;:&quot;classic&quot;}\">\n\t\t\t\t<div class=\"elementor-element elementor-element-769d842 elementor-widget elementor-widget-heading\" data-id=\"769d842\" data-element_type=\"widget\" data-e-type=\"widget\" data-widget_type=\"heading.default\">\n\t\t\t\t\t<h2 class=\"elementor-heading-title elementor-size-default\">Secure Access<\/h2>\t\t\t\t<\/div>\n\t\t\t\t<div class=\"elementor-element elementor-element-fc7c7e8 elementor-widget elementor-widget-text-editor\" data-id=\"fc7c7e8\" data-element_type=\"widget\" data-e-type=\"widget\" data-widget_type=\"text-editor.default\">\n\t\t\t\t\t\t\t\t\t<p>The corporate and member login panels are protected by encryption and access control systems that meet international security standards.<\/p>\t\t\t\t\t\t\t\t<\/div>\n\t\t\t\t<\/div>\n\t\t<div class=\"elementor-element elementor-element-d793182 e-con-full e-flex e-con e-child\" data-id=\"d793182\" data-element_type=\"container\" data-e-type=\"container\" data-settings=\"{&quot;background_background&quot;:&quot;classic&quot;}\">\n\t\t\t\t<div class=\"elementor-element elementor-element-50bf975 elementor-widget elementor-widget-heading\" data-id=\"50bf975\" data-element_type=\"widget\" data-e-type=\"widget\" data-widget_type=\"heading.default\">\n\t\t\t\t\t<h2 class=\"elementor-heading-title elementor-size-default\">KVKK Compliance<\/h2>\t\t\t\t<\/div>\n\t\t\t\t<div class=\"elementor-element elementor-element-3c9b727 elementor-widget elementor-widget-text-editor\" data-id=\"3c9b727\" data-element_type=\"widget\" data-e-type=\"widget\" data-widget_type=\"text-editor.default\">\n\t\t\t\t\t\t\t\t\t<p>All corporate data processing processes are carried out in full compliance with the Law No. 6698 on the Protection of Personal Data (KVKK).<\/p>\t\t\t\t\t\t\t\t<\/div>\n\t\t\t\t<\/div>\n\t\t\t\t<\/div>\n\t\t\t\t<\/div>\n\t\t\t\t\t<\/div>\n\t\t\t\t<\/div>\n\t\t\t\t<\/div>","protected":false},"excerpt":{"rendered":"<p>KURUMSAL \u0130\u015eLEMLER UYKSEF olarak, kurumsal ortaklar\u0131m\u0131z\u0131n ve devlet kurumlar\u0131n\u0131n ihtiya\u00e7 duydu\u011fu stratejik i\u015f birlikleri, toplu e\u011fitim talepleri ve operasyonel dan\u0131\u015fmanl\u0131k s\u00fcre\u00e7lerini y\u00fcksek gizlilik ve profesyonellik standartlar\u0131nda y\u00f6netmekteyiz.A\u015fa\u011f\u0131daki panel \u00fczerinden kurumsal taleplerinizi iletebilir veya devam eden projelerinizle ilgili i\u015flemleri ger\u00e7ekle\u015ftirebilirsiniz. Y\u00dcR\u00dcTT\u00dc\u011e\u00dcM\u00dcZ KURUMSAL \u0130\u015eLEMLER VE H\u0130ZMETLER Toplu E\u011fitim ve \u0130htisas Programlar\u0131 Talepleri: Kamu kurumlar\u0131 veya \u00f6zel g\u00fcvenlik&#8230;<\/p>","protected":false},"author":1,"featured_media":0,"parent":0,"menu_order":0,"comment_status":"closed","ping_status":"closed","template":"","meta":{"_acf_changed":false,"_kadence_starter_templates_imported_post":false,"_kad_post_transparent":"default","_kad_post_title":"hide","_kad_post_layout":"fullwidth","_kad_post_sidebar_id":"","_kad_post_content_style":"unboxed","_kad_post_vertical_padding":"hide","_kad_post_feature":"hide","_kad_post_feature_position":"","_kad_post_header":false,"_kad_post_footer":false,"_kad_post_classname":"","footnotes":""},"class_list":["post-529","page","type-page","status-publish","hentry"],"acf":[],"_links":{"self":[{"href":"https:\/\/uyksef.org.tr\/en\/wp-json\/wp\/v2\/pages\/529","targetHints":{"allow":["GET"]}}],"collection":[{"href":"https:\/\/uyksef.org.tr\/en\/wp-json\/wp\/v2\/pages"}],"about":[{"href":"https:\/\/uyksef.org.tr\/en\/wp-json\/wp\/v2\/types\/page"}],"author":[{"embeddable":true,"href":"https:\/\/uyksef.org.tr\/en\/wp-json\/wp\/v2\/users\/1"}],"replies":[{"embeddable":true,"href":"https:\/\/uyksef.org.tr\/en\/wp-json\/wp\/v2\/comments?post=529"}],"version-history":[{"count":34,"href":"https:\/\/uyksef.org.tr\/en\/wp-json\/wp\/v2\/pages\/529\/revisions"}],"predecessor-version":[{"id":1155,"href":"https:\/\/uyksef.org.tr\/en\/wp-json\/wp\/v2\/pages\/529\/revisions\/1155"}],"wp:attachment":[{"href":"https:\/\/uyksef.org.tr\/en\/wp-json\/wp\/v2\/media?parent=529"}],"curies":[{"name":"wp","href":"https:\/\/api.w.org\/{rel}","templated":true}]}}