{"id":339,"date":"2026-03-25T09:20:14","date_gmt":"2026-03-25T06:20:14","guid":{"rendered":"https:\/\/uyksef.org.tr\/new\/?page_id=339"},"modified":"2026-04-07T10:29:00","modified_gmt":"2026-04-07T07:29:00","slug":"hakkimizda","status":"publish","type":"page","link":"https:\/\/uyksef.org.tr\/en\/hakkimizda\/","title":{"rendered":"About Us"},"content":{"rendered":"<div data-elementor-type=\"wp-page\" data-elementor-id=\"339\" class=\"elementor elementor-339\">\n\t\t\t\t<div class=\"elementor-element elementor-element-6831394 e-flex e-con-boxed e-con e-parent\" data-id=\"6831394\" data-element_type=\"container\" data-e-type=\"container\" data-settings=\"{&quot;background_background&quot;:&quot;classic&quot;}\">\n\t\t\t\t\t<div class=\"e-con-inner\">\n\t\t<div class=\"elementor-element elementor-element-162572e e-con-full e-flex e-con e-child\" data-id=\"162572e\" data-element_type=\"container\" data-e-type=\"container\">\n\t\t\t\t<div class=\"elementor-element elementor-element-a327c5e elementor-widget elementor-widget-heading\" data-id=\"a327c5e\" data-element_type=\"widget\" data-e-type=\"widget\" data-widget_type=\"heading.default\">\n\t\t\t\t\t<h2 class=\"elementor-heading-title elementor-size-default\">INSTITUTIONAL<\/h2>\t\t\t\t<\/div>\n\t\t\t\t<\/div>\n\t\t<div class=\"elementor-element elementor-element-292cb69 e-con-full e-flex e-con e-child\" data-id=\"292cb69\" data-element_type=\"container\" data-e-type=\"container\" data-settings=\"{&quot;background_background&quot;:&quot;classic&quot;}\">\n\t\t<div class=\"elementor-element elementor-element-3918756 e-con-full e-flex e-con e-child\" data-id=\"3918756\" data-element_type=\"container\" data-e-type=\"container\">\n\t\t\t\t<div class=\"elementor-element elementor-element-f685a35 elementor-widget elementor-widget-heading\" data-id=\"f685a35\" data-element_type=\"widget\" data-e-type=\"widget\" data-widget_type=\"heading.default\">\n\t\t\t\t\t<h2 class=\"elementor-heading-title elementor-size-default\">| About Our Federation<\/h2>\t\t\t\t<\/div>\n\t\t\t\t<div class=\"elementor-element elementor-element-2ef3290 elementor-widget elementor-widget-image\" data-id=\"2ef3290\" data-element_type=\"widget\" data-e-type=\"widget\" data-widget_type=\"image.default\">\n\t\t\t\t\t\t\t\t\t\t\t\t\t\t\t<img fetchpriority=\"high\" decoding=\"async\" width=\"1500\" height=\"1500\" src=\"https:\/\/uyksef.org.tr\/wp-content\/uploads\/2026\/04\/Hakkimizda_uyksef-01.png\" class=\"attachment-full size-full wp-image-802\" alt=\"\" srcset=\"https:\/\/uyksef.org.tr\/wp-content\/uploads\/2026\/04\/Hakkimizda_uyksef-01.png 1500w, https:\/\/uyksef.org.tr\/wp-content\/uploads\/2026\/04\/Hakkimizda_uyksef-01-300x300.png 300w, https:\/\/uyksef.org.tr\/wp-content\/uploads\/2026\/04\/Hakkimizda_uyksef-01-1024x1024.png 1024w, https:\/\/uyksef.org.tr\/wp-content\/uploads\/2026\/04\/Hakkimizda_uyksef-01-150x150.png 150w, https:\/\/uyksef.org.tr\/wp-content\/uploads\/2026\/04\/Hakkimizda_uyksef-01-768x768.png 768w, https:\/\/uyksef.org.tr\/wp-content\/uploads\/2026\/04\/Hakkimizda_uyksef-01-12x12.png 12w\" sizes=\"(max-width: 1500px) 100vw, 1500px\" \/>\t\t\t\t\t\t\t\t\t\t\t\t\t\t\t<\/div>\n\t\t\t\t<\/div>\n\t\t<div class=\"elementor-element elementor-element-44049b0 e-con-full e-flex e-con e-child\" data-id=\"44049b0\" data-element_type=\"container\" data-e-type=\"container\">\n\t\t\t\t<div class=\"elementor-element elementor-element-c0c3d6a elementor-widget elementor-widget-text-editor\" data-id=\"c0c3d6a\" data-element_type=\"widget\" data-e-type=\"widget\" data-widget_type=\"text-editor.default\">\n\t\t\t\t\t\t\t\t\t<p>The International Close Protection and Defense Training Federation (UYKSEF) was established to elevate the discipline of security and close protection to universal standards and to provide the sector with highly qualified professionals who possess strong tactical skills and professional ethics.<\/p><p>Combining over a quarter century of deep field experience in the sector with academic discipline under a single institutional umbrella, our Federation operates with the mission of protecting the reputation of the security profession and standardizing service quality. In line with this, through the \u201cSMK International Close Protection Training Academy\u201d structured within our federation, we train the qualified human resources needed by the security sector.<\/p><p>As UYKSEF, we organize basic and advanced close protection, self-defense, and strategic training programs, primarily focusing on comprehensive \"Close Protection Commander\" specialization programs. Training and certifying experts who will serve a wide range of sectors, from public institutions to the private sector, and integrating professional standards with international norms are among the primary responsibilities of our Federation. UYKSEF directs its activities as an institutional authority that combines knowledge with discipline and experience with flawless operational capabilities.<\/p>\t\t\t\t\t\t\t\t<\/div>\n\t\t\t\t<\/div>\n\t\t\t\t<\/div>\n\t\t<div class=\"elementor-element elementor-element-9adfa3d e-con-full e-flex e-con e-child\" data-id=\"9adfa3d\" data-element_type=\"container\" data-e-type=\"container\" data-settings=\"{&quot;background_background&quot;:&quot;classic&quot;}\">\n\t\t<div class=\"elementor-element elementor-element-46d53d9 e-con-full e-flex e-con e-child\" data-id=\"46d53d9\" data-element_type=\"container\" data-e-type=\"container\" data-settings=\"{&quot;background_background&quot;:&quot;classic&quot;}\">\n\t\t\t\t<div class=\"elementor-element elementor-element-2d9e6fa elementor-widget elementor-widget-heading\" data-id=\"2d9e6fa\" data-element_type=\"widget\" data-e-type=\"widget\" data-widget_type=\"heading.default\">\n\t\t\t\t\t<h2 class=\"elementor-heading-title elementor-size-default\">| Our Mission<\/h2>\t\t\t\t<\/div>\n\t\t\t\t<div class=\"elementor-element elementor-element-81f7381 elementor-widget elementor-widget-text-editor\" data-id=\"81f7381\" data-element_type=\"widget\" data-e-type=\"widget\" data-widget_type=\"text-editor.default\">\n\t\t\t\t\t\t\t\t\t<p>Our goal is to establish, monitor, and improve national and international standards in close protection and self-defense training; to train fully equipped professionals in physical, mental, and tactical aspects by blending field experience with current security strategies. Through our innovative training programs, developed academic curricula, and rigorous certification processes, we aim to maximize the quality of the security sector serving individuals, institutions, and organizations, and to always uphold professional integrity.<\/p>\t\t\t\t\t\t\t\t<\/div>\n\t\t\t\t<\/div>\n\t\t<div class=\"elementor-element elementor-element-0388b33 e-con-full e-flex e-con e-child\" data-id=\"0388b33\" data-element_type=\"container\" data-e-type=\"container\" data-settings=\"{&quot;background_background&quot;:&quot;classic&quot;}\">\n\t\t\t\t<div class=\"elementor-element elementor-element-59a46c7 elementor-widget elementor-widget-heading\" data-id=\"59a46c7\" data-element_type=\"widget\" data-e-type=\"widget\" data-widget_type=\"heading.default\">\n\t\t\t\t\t<h2 class=\"elementor-heading-title elementor-size-default\">| Our Vision<\/h2>\t\t\t\t<\/div>\n\t\t\t\t<div class=\"elementor-element elementor-element-975d4b7 elementor-widget elementor-widget-text-editor\" data-id=\"975d4b7\" data-element_type=\"widget\" data-e-type=\"widget\" data-widget_type=\"text-editor.default\">\n\t\t\t\t\t\t\t\t\t<p>Our goal is to become the most respected umbrella organization in the fields of security, close protection, and defense training, setting the standards not only in Turkey but also on the international stage. By integrating traditional security approaches with modern technologies, advanced strategies, and human values, we aim to build a universal security, education, and philosophy ecosystem that proudly represents the Turkish flag on global platforms, transcends borders, and will be followed for generations to come.<\/p>\t\t\t\t\t\t\t\t<\/div>\n\t\t\t\t<\/div>\n\t\t\t\t<\/div>\n\t\t\t\t\t<\/div>\n\t\t\t\t<\/div>\n\t\t\t\t<\/div>","protected":false},"excerpt":{"rendered":"<p>KURUMSAL | Federasyonumuz Hakk\u0131nda Uluslararas\u0131 Yak\u0131n Koruma ve Savunma E\u011fitim Federasyonu (UYKSEF), g\u00fcvenlik ve yak\u0131n koruma disiplinini evrensel standartlara ta\u015f\u0131mak; sekt\u00f6re y\u00fcksek nitelikli, taktiksel becerisi y\u00fcksek ve meslek eti\u011fiyle donat\u0131lm\u0131\u015f profesyoneller kazand\u0131rmak amac\u0131yla kurulmu\u015ftur. Sekt\u00f6rdeki \u00e7eyrek asr\u0131 a\u015fan derin saha tecr\u00fcbesi ile akademik disiplini tek bir kurumsal \u00e7at\u0131 alt\u0131nda birle\u015ftiren Federasyonumuz; g\u00fcvenlik mesle\u011finin itibar\u0131n\u0131 korumak&#8230;<\/p>","protected":false},"author":1,"featured_media":0,"parent":0,"menu_order":0,"comment_status":"closed","ping_status":"closed","template":"","meta":{"_acf_changed":false,"_kadence_starter_templates_imported_post":false,"_kad_post_transparent":"default","_kad_post_title":"hide","_kad_post_layout":"fullwidth","_kad_post_sidebar_id":"","_kad_post_content_style":"unboxed","_kad_post_vertical_padding":"hide","_kad_post_feature":"hide","_kad_post_feature_position":"","_kad_post_header":false,"_kad_post_footer":false,"_kad_post_classname":"","footnotes":""},"class_list":["post-339","page","type-page","status-publish","hentry"],"acf":[],"_links":{"self":[{"href":"https:\/\/uyksef.org.tr\/en\/wp-json\/wp\/v2\/pages\/339","targetHints":{"allow":["GET"]}}],"collection":[{"href":"https:\/\/uyksef.org.tr\/en\/wp-json\/wp\/v2\/pages"}],"about":[{"href":"https:\/\/uyksef.org.tr\/en\/wp-json\/wp\/v2\/types\/page"}],"author":[{"embeddable":true,"href":"https:\/\/uyksef.org.tr\/en\/wp-json\/wp\/v2\/users\/1"}],"replies":[{"embeddable":true,"href":"https:\/\/uyksef.org.tr\/en\/wp-json\/wp\/v2\/comments?post=339"}],"version-history":[{"count":16,"href":"https:\/\/uyksef.org.tr\/en\/wp-json\/wp\/v2\/pages\/339\/revisions"}],"predecessor-version":[{"id":805,"href":"https:\/\/uyksef.org.tr\/en\/wp-json\/wp\/v2\/pages\/339\/revisions\/805"}],"wp:attachment":[{"href":"https:\/\/uyksef.org.tr\/en\/wp-json\/wp\/v2\/media?parent=339"}],"curies":[{"name":"wp","href":"https:\/\/api.w.org\/{rel}","templated":true}]}}